{"id":539,"date":"2021-11-24T11:05:49","date_gmt":"2021-11-24T11:05:49","guid":{"rendered":"https:\/\/terravolonteri.com\/index.php\/biodiversite\/"},"modified":"2023-10-10T08:44:40","modified_gmt":"2023-10-10T08:44:40","slug":"biodiversite","status":"publish","type":"page","link":"https:\/\/terravolonteri.com\/fr\/biodiversite\/","title":{"rendered":"Biodiversit\u00e9"},"content":{"rendered":"\t\t<div data-elementor-type=\"wp-page\" data-elementor-id=\"539\" class=\"elementor elementor-539 elementor-23\" data-elementor-post-type=\"page\">\n\t\t\t\t\t\t<section class=\"elementor-section elementor-top-section elementor-element elementor-element-25a9cdb elementor-section-full_width elementor-section-height-min-height elementor-section-height-default elementor-section-items-middle\" data-id=\"25a9cdb\" data-element_type=\"section\" data-e-type=\"section\" data-settings=\"{&quot;background_background&quot;:&quot;classic&quot;}\">\n\t\t\t\t\t\t\t<div class=\"elementor-background-overlay\"><\/div>\n\t\t\t\t\t\t\t<div class=\"elementor-container elementor-column-gap-default\">\n\t\t\t\t\t<div class=\"elementor-column elementor-col-100 elementor-top-column elementor-element elementor-element-3970893\" data-id=\"3970893\" data-element_type=\"column\" data-e-type=\"column\">\n\t\t\t<div class=\"elementor-widget-wrap elementor-element-populated\">\n\t\t\t\t\t\t<div class=\"elementor-element elementor-element-9a9aed0 elementor-widget elementor-widget-heading\" data-id=\"9a9aed0\" data-element_type=\"widget\" data-e-type=\"widget\" data-widget_type=\"heading.default\">\n\t\t\t\t<div class=\"elementor-widget-container\">\n\t\t\t\t\t<h1 class=\"elementor-heading-title elementor-size-default\">Biodiversit\u00e9<\/h1>\t\t\t\t<\/div>\n\t\t\t\t<\/div>\n\t\t\t\t\t<\/div>\n\t\t<\/div>\n\t\t\t\t\t<\/div>\n\t\t<\/section>\n\t\t\t\t<section class=\"elementor-section elementor-top-section elementor-element elementor-element-5fc82cb elementor-section-boxed elementor-section-height-default elementor-section-height-default\" data-id=\"5fc82cb\" data-element_type=\"section\" data-e-type=\"section\">\n\t\t\t\t\t\t<div class=\"elementor-container elementor-column-gap-default\">\n\t\t\t\t\t<div class=\"elementor-column elementor-col-100 elementor-top-column elementor-element elementor-element-2d4dabd\" data-id=\"2d4dabd\" data-element_type=\"column\" data-e-type=\"column\">\n\t\t\t<div class=\"elementor-widget-wrap elementor-element-populated\">\n\t\t\t\t\t\t<div class=\"elementor-element elementor-element-3b8aa69 elementor-widget elementor-widget-text-editor\" data-id=\"3b8aa69\" data-element_type=\"widget\" data-e-type=\"widget\" data-widget_type=\"text-editor.default\">\n\t\t\t\t<div class=\"elementor-widget-container\">\n\t\t\t\t\t\t\t\t\t<h2 style=\"text-align: center;\">Une philosophie revendiqu\u00e9e<\/h2>\n<p style=\"text-align: center;\">&nbsp;Terra Volonteri adopte une philosophie int\u00e9gr\u00e9e bas\u00e9e sur deux principes fondamentaux : la biodurabilit\u00e9 et la diversit\u00e9.&nbsp;<span style=\"font-style: inherit; font-weight: inherit; color: var(--ast-global-color-3);\">La biodurabilit\u00e9 est au centre de tout, o\u00f9 le respect de la nature est une priorit\u00e9. Ici, pas d&rsquo;interventions chimiques, seulement l&rsquo;utilisation de produits naturels pour cultiver et entretenir cette oasis.&nbsp;<\/span><span style=\"font-style: inherit; font-weight: inherit; color: var(--ast-global-color-3);\">La diversit\u00e9 est un autre \u00e9l\u00e9ment cl\u00e9. Ici, diff\u00e9rentes vari\u00e9t\u00e9s de plantes cohabitent en parfaite harmonie : des oliviers, des cypr\u00e8s, des orangers, un verger, des mimosas et bien plus encore.&nbsp;<\/span><\/p><p style=\"text-align: center;\"><span style=\"font-style: inherit; font-weight: inherit; color: var(--ast-global-color-3);\">Ce lieu enchanteur vous attend pour un s\u00e9jour d&rsquo;\u00e9l\u00e9gance et de d\u00e9tente, o\u00f9 la beaut\u00e9 et la s\u00e9r\u00e9nit\u00e9 de la nature vous accueillent \u00e0 bras ouverts.<\/span><\/p>\t\t\t\t\t\t\t\t<\/div>\n\t\t\t\t<\/div>\n\t\t\t\t\t<\/div>\n\t\t<\/div>\n\t\t\t\t\t<\/div>\n\t\t<\/section>\n\t\t\t\t<section class=\"elementor-section elementor-top-section elementor-element elementor-element-cc17f1f elementor-section-full_width elementor-section-height-default elementor-section-height-default\" data-id=\"cc17f1f\" data-element_type=\"section\" data-e-type=\"section\">\n\t\t\t\t\t\t<div class=\"elementor-container elementor-column-gap-default\">\n\t\t\t\t\t<div class=\"elementor-column elementor-col-100 elementor-top-column elementor-element elementor-element-f68e646\" data-id=\"f68e646\" data-element_type=\"column\" data-e-type=\"column\">\n\t\t\t<div class=\"elementor-widget-wrap elementor-element-populated\">\n\t\t\t\t\t\t<div class=\"elementor-element elementor-element-e36cc7b elementor-arrows-position-inside elementor-pagination-position-outside elementor-widget elementor-widget-image-carousel\" data-id=\"e36cc7b\" data-element_type=\"widget\" data-e-type=\"widget\" data-settings=\"{&quot;slides_to_scroll&quot;:&quot;1&quot;,&quot;navigation&quot;:&quot;both&quot;,&quot;autoplay&quot;:&quot;yes&quot;,&quot;pause_on_hover&quot;:&quot;yes&quot;,&quot;pause_on_interaction&quot;:&quot;yes&quot;,&quot;autoplay_speed&quot;:5000,&quot;infinite&quot;:&quot;yes&quot;,&quot;speed&quot;:500}\" data-widget_type=\"image-carousel.default\">\n\t\t\t\t<div class=\"elementor-widget-container\">\n\t\t\t\t\t\t\t<div class=\"elementor-image-carousel-wrapper swiper\" role=\"region\" aria-roledescription=\"carousel\" aria-label=\"Carrousel d\u2019images\" dir=\"ltr\">\n\t\t\t<div class=\"elementor-image-carousel swiper-wrapper\" aria-live=\"off\">\n\t\t\t\t\t\t\t\t<div class=\"swiper-slide\" role=\"group\" aria-roledescription=\"slide\" aria-label=\"1 sur 3\"><figure class=\"swiper-slide-inner\"><img decoding=\"async\" class=\"swiper-slide-image\" src=\"https:\/\/terravolonteri.com\/wp-content\/uploads\/elementor\/thumbs\/Terra-Volonteri-Collina4-qcx9qjy6dzuuzvfyj4gnygt7rt89rhz1nk2o777jo8.jpg\" alt=\"Terra-Volonteri---Collina4\" \/><\/figure><\/div><div class=\"swiper-slide\" role=\"group\" aria-roledescription=\"slide\" aria-label=\"2 sur 3\"><figure class=\"swiper-slide-inner\"><img decoding=\"async\" class=\"swiper-slide-image\" src=\"https:\/\/terravolonteri.com\/wp-content\/uploads\/elementor\/thumbs\/U9A3538-qcx9almse80ny4m6oq7m4zqktdv04fn1slgzz4v3a0.jpg\" alt=\"_U9A3538\" \/><\/figure><\/div><div class=\"swiper-slide\" role=\"group\" aria-roledescription=\"slide\" aria-label=\"3 sur 3\"><figure class=\"swiper-slide-inner\"><img decoding=\"async\" class=\"swiper-slide-image\" src=\"https:\/\/terravolonteri.com\/wp-content\/uploads\/elementor\/thumbs\/Terra-Volonteri-Biodiversita-qcx8rxk6nogncxqep5pd47c02vvk8uiyw70tuajkuw.jpg\" alt=\"Terra-Volonteri---Biodiversit\u00e0\" \/><\/figure><\/div>\t\t\t<\/div>\n\t\t\t\t\t\t\t\t\t\t\t\t<div class=\"elementor-swiper-button elementor-swiper-button-prev\" role=\"button\" tabindex=\"0\">\n\t\t\t\t\t\t<i aria-hidden=\"true\" class=\"eicon-chevron-left\"><\/i>\t\t\t\t\t<\/div>\n\t\t\t\t\t<div class=\"elementor-swiper-button elementor-swiper-button-next\" role=\"button\" tabindex=\"0\">\n\t\t\t\t\t\t<i aria-hidden=\"true\" class=\"eicon-chevron-right\"><\/i>\t\t\t\t\t<\/div>\n\t\t\t\t\n\t\t\t\t\t\t\t\t\t<div class=\"swiper-pagination\"><\/div>\n\t\t\t\t\t\t\t\t\t<\/div>\n\t\t\t\t\t\t<\/div>\n\t\t\t\t<\/div>\n\t\t\t\t\t<\/div>\n\t\t<\/div>\n\t\t\t\t\t<\/div>\n\t\t<\/section>\n\t\t\t\t<\/div>\n\t\t","protected":false},"excerpt":{"rendered":"<p>Biodiversit\u00e9 Une philosophie revendiqu\u00e9e &nbsp;Terra Volonteri adopte une philosophie int\u00e9gr\u00e9e bas\u00e9e sur deux principes fondamentaux : la biodurabilit\u00e9 et la diversit\u00e9.&nbsp;La biodurabilit\u00e9 est au centre de tout, o\u00f9 le respect de la nature est une priorit\u00e9. Ici, pas d&rsquo;interventions chimiques, seulement l&rsquo;utilisation de produits naturels pour cultiver et entretenir cette oasis.&nbsp;La diversit\u00e9 est un autre [&hellip;]<\/p>\n","protected":false},"author":1,"featured_media":0,"parent":0,"menu_order":0,"comment_status":"closed","ping_status":"closed","template":"","meta":{"site-sidebar-layout":"no-sidebar","site-content-layout":"page-builder","ast-site-content-layout":"default","site-content-style":"default","site-sidebar-style":"default","ast-global-header-display":"","ast-banner-title-visibility":"","ast-main-header-display":"","ast-hfb-above-header-display":"","ast-hfb-below-header-display":"","ast-hfb-mobile-header-display":"","site-post-title":"disabled","ast-breadcrumbs-content":"","ast-featured-img":"disabled","footer-sml-layout":"","ast-disable-related-posts":"","theme-transparent-header-meta":"","adv-header-id-meta":"","stick-header-meta":"","header-above-stick-meta":"","header-main-stick-meta":"","header-below-stick-meta":"","astra-migrate-meta-layouts":"default","ast-page-background-enabled":"default","ast-page-background-meta":{"desktop":{"background-color":"var(--ast-global-color-4)","background-image":"","background-repeat":"repeat","background-position":"center center","background-size":"auto","background-attachment":"scroll","background-type":"","background-media":"","overlay-type":"","overlay-color":"","overlay-opacity":"","overlay-gradient":""},"tablet":{"background-color":"","background-image":"","background-repeat":"repeat","background-position":"center center","background-size":"auto","background-attachment":"scroll","background-type":"","background-media":"","overlay-type":"","overlay-color":"","overlay-opacity":"","overlay-gradient":""},"mobile":{"background-color":"","background-image":"","background-repeat":"repeat","background-position":"center center","background-size":"auto","background-attachment":"scroll","background-type":"","background-media":"","overlay-type":"","overlay-color":"","overlay-opacity":"","overlay-gradient":""}},"ast-content-background-meta":{"desktop":{"background-color":"var(--ast-global-color-5)","background-image":"","background-repeat":"repeat","background-position":"center center","background-size":"auto","background-attachment":"scroll","background-type":"","background-media":"","overlay-type":"","overlay-color":"","overlay-opacity":"","overlay-gradient":""},"tablet":{"background-color":"var(--ast-global-color-5)","background-image":"","background-repeat":"repeat","background-position":"center center","background-size":"auto","background-attachment":"scroll","background-type":"","background-media":"","overlay-type":"","overlay-color":"","overlay-opacity":"","overlay-gradient":""},"mobile":{"background-color":"var(--ast-global-color-5)","background-image":"","background-repeat":"repeat","background-position":"center center","background-size":"auto","background-attachment":"scroll","background-type":"","background-media":"","overlay-type":"","overlay-color":"","overlay-opacity":"","overlay-gradient":""}},"footnotes":""},"class_list":["post-539","page","type-page","status-publish","hentry"],"yoast_head":"<!-- This site is optimized with the Yoast SEO plugin v27.2 - https:\/\/yoast.com\/product\/yoast-seo-wordpress\/ -->\n<title>Biodiversit\u00e9 - Agriturismo Terra Volonteri<\/title>\n<meta name=\"robots\" content=\"index, follow, max-snippet:-1, max-image-preview:large, max-video-preview:-1\" \/>\n<link rel=\"canonical\" href=\"https:\/\/terravolonteri.com\/fr\/biodiversite\/\" \/>\n<meta property=\"og:locale\" content=\"fr_FR\" \/>\n<meta property=\"og:type\" content=\"article\" \/>\n<meta property=\"og:title\" content=\"Biodiversit\u00e9 - Agriturismo Terra Volonteri\" \/>\n<meta property=\"og:description\" content=\"Biodiversit\u00e9 Une philosophie revendiqu\u00e9e &nbsp;Terra Volonteri adopte une philosophie int\u00e9gr\u00e9e bas\u00e9e sur deux principes fondamentaux : la biodurabilit\u00e9 et la diversit\u00e9.&nbsp;La biodurabilit\u00e9 est au centre de tout, o\u00f9 le respect de la nature est une priorit\u00e9. Ici, pas d&rsquo;interventions chimiques, seulement l&rsquo;utilisation de produits naturels pour cultiver et entretenir cette oasis.&nbsp;La diversit\u00e9 est un autre [&hellip;]\" \/>\n<meta property=\"og:url\" content=\"https:\/\/terravolonteri.com\/fr\/biodiversite\/\" \/>\n<meta property=\"og:site_name\" content=\"Agriturismo Terra Volonteri\" \/>\n<meta property=\"article:modified_time\" content=\"2023-10-10T08:44:40+00:00\" \/>\n<meta property=\"og:image\" content=\"https:\/\/terravolonteri.com\/wp-content\/uploads\/elementor\/thumbs\/Terra-Volonteri-Collina4-qcx9qjy6dzuuzvfyj4gnygt7rt89rhz1nk2o777jo8.jpg\" \/>\n<meta name=\"twitter:card\" content=\"summary_large_image\" \/>\n<meta name=\"twitter:label1\" content=\"Dur\u00e9e de lecture estim\u00e9e\" \/>\n\t<meta name=\"twitter:data1\" content=\"1 minute\" \/>\n<script type=\"application\/ld+json\" class=\"yoast-schema-graph\">{\"@context\":\"https:\/\/schema.org\",\"@graph\":[{\"@type\":\"WebPage\",\"@id\":\"https:\/\/terravolonteri.com\/fr\/biodiversite\/\",\"url\":\"https:\/\/terravolonteri.com\/fr\/biodiversite\/\",\"name\":\"Biodiversit\u00e9 - Agriturismo Terra Volonteri\",\"isPartOf\":{\"@id\":\"https:\/\/terravolonteri.com\/it\/#website\"},\"primaryImageOfPage\":{\"@id\":\"https:\/\/terravolonteri.com\/fr\/biodiversite\/#primaryimage\"},\"image\":{\"@id\":\"https:\/\/terravolonteri.com\/fr\/biodiversite\/#primaryimage\"},\"thumbnailUrl\":\"https:\/\/terravolonteri.com\/wp-content\/uploads\/elementor\/thumbs\/Terra-Volonteri-Collina4-qcx9qjy6dzuuzvfyj4gnygt7rt89rhz1nk2o777jo8.jpg\",\"datePublished\":\"2021-11-24T11:05:49+00:00\",\"dateModified\":\"2023-10-10T08:44:40+00:00\",\"breadcrumb\":{\"@id\":\"https:\/\/terravolonteri.com\/fr\/biodiversite\/#breadcrumb\"},\"inLanguage\":\"fr-FR\",\"potentialAction\":[{\"@type\":\"ReadAction\",\"target\":[\"https:\/\/terravolonteri.com\/fr\/biodiversite\/\"]}]},{\"@type\":\"ImageObject\",\"inLanguage\":\"fr-FR\",\"@id\":\"https:\/\/terravolonteri.com\/fr\/biodiversite\/#primaryimage\",\"url\":\"https:\/\/terravolonteri.com\/wp-content\/uploads\/elementor\/thumbs\/Terra-Volonteri-Collina4-qcx9qjy6dzuuzvfyj4gnygt7rt89rhz1nk2o777jo8.jpg\",\"contentUrl\":\"https:\/\/terravolonteri.com\/wp-content\/uploads\/elementor\/thumbs\/Terra-Volonteri-Collina4-qcx9qjy6dzuuzvfyj4gnygt7rt89rhz1nk2o777jo8.jpg\"},{\"@type\":\"BreadcrumbList\",\"@id\":\"https:\/\/terravolonteri.com\/fr\/biodiversite\/#breadcrumb\",\"itemListElement\":[{\"@type\":\"ListItem\",\"position\":1,\"name\":\"Home\",\"item\":\"https:\/\/terravolonteri.com\/fr\/bienvenu\/\"},{\"@type\":\"ListItem\",\"position\":2,\"name\":\"Biodiversit\u00e9\"}]},{\"@type\":\"WebSite\",\"@id\":\"https:\/\/terravolonteri.com\/it\/#website\",\"url\":\"https:\/\/terravolonteri.com\/it\/\",\"name\":\"Agriturismo Terra Volonteri\",\"description\":\"Montecatini Eco Lodge\",\"publisher\":{\"@id\":\"https:\/\/terravolonteri.com\/it\/#organization\"},\"potentialAction\":[{\"@type\":\"SearchAction\",\"target\":{\"@type\":\"EntryPoint\",\"urlTemplate\":\"https:\/\/terravolonteri.com\/it\/?s={search_term_string}\"},\"query-input\":{\"@type\":\"PropertyValueSpecification\",\"valueRequired\":true,\"valueName\":\"search_term_string\"}}],\"inLanguage\":\"fr-FR\"},{\"@type\":\"Organization\",\"@id\":\"https:\/\/terravolonteri.com\/it\/#organization\",\"name\":\"Agriturismo Terra Volonteri\",\"url\":\"https:\/\/terravolonteri.com\/it\/\",\"logo\":{\"@type\":\"ImageObject\",\"inLanguage\":\"fr-FR\",\"@id\":\"https:\/\/terravolonteri.com\/it\/#\/schema\/logo\/image\/\",\"url\":\"https:\/\/terravolonteri.com\/wp-content\/uploads\/2023\/11\/Agriturismo-Terra-Volonteri-Logo.png\",\"contentUrl\":\"https:\/\/terravolonteri.com\/wp-content\/uploads\/2023\/11\/Agriturismo-Terra-Volonteri-Logo.png\",\"width\":600,\"height\":257,\"caption\":\"Agriturismo Terra Volonteri\"},\"image\":{\"@id\":\"https:\/\/terravolonteri.com\/it\/#\/schema\/logo\/image\/\"},\"sameAs\":[\"https:\/\/www.instagram.com\/terra_volonteri\/\"]}]}<\/script>\n<!-- \/ Yoast SEO plugin. -->","yoast_head_json":{"title":"Biodiversit\u00e9 - Agriturismo Terra Volonteri","robots":{"index":"index","follow":"follow","max-snippet":"max-snippet:-1","max-image-preview":"max-image-preview:large","max-video-preview":"max-video-preview:-1"},"canonical":"https:\/\/terravolonteri.com\/fr\/biodiversite\/","og_locale":"fr_FR","og_type":"article","og_title":"Biodiversit\u00e9 - Agriturismo Terra Volonteri","og_description":"Biodiversit\u00e9 Une philosophie revendiqu\u00e9e &nbsp;Terra Volonteri adopte une philosophie int\u00e9gr\u00e9e bas\u00e9e sur deux principes fondamentaux : la biodurabilit\u00e9 et la diversit\u00e9.&nbsp;La biodurabilit\u00e9 est au centre de tout, o\u00f9 le respect de la nature est une priorit\u00e9. Ici, pas d&rsquo;interventions chimiques, seulement l&rsquo;utilisation de produits naturels pour cultiver et entretenir cette oasis.&nbsp;La diversit\u00e9 est un autre [&hellip;]","og_url":"https:\/\/terravolonteri.com\/fr\/biodiversite\/","og_site_name":"Agriturismo Terra Volonteri","article_modified_time":"2023-10-10T08:44:40+00:00","og_image":[{"url":"https:\/\/terravolonteri.com\/wp-content\/uploads\/elementor\/thumbs\/Terra-Volonteri-Collina4-qcx9qjy6dzuuzvfyj4gnygt7rt89rhz1nk2o777jo8.jpg","type":"","width":"","height":""}],"twitter_card":"summary_large_image","twitter_misc":{"Dur\u00e9e de lecture estim\u00e9e":"1 minute"},"schema":{"@context":"https:\/\/schema.org","@graph":[{"@type":"WebPage","@id":"https:\/\/terravolonteri.com\/fr\/biodiversite\/","url":"https:\/\/terravolonteri.com\/fr\/biodiversite\/","name":"Biodiversit\u00e9 - Agriturismo Terra Volonteri","isPartOf":{"@id":"https:\/\/terravolonteri.com\/it\/#website"},"primaryImageOfPage":{"@id":"https:\/\/terravolonteri.com\/fr\/biodiversite\/#primaryimage"},"image":{"@id":"https:\/\/terravolonteri.com\/fr\/biodiversite\/#primaryimage"},"thumbnailUrl":"https:\/\/terravolonteri.com\/wp-content\/uploads\/elementor\/thumbs\/Terra-Volonteri-Collina4-qcx9qjy6dzuuzvfyj4gnygt7rt89rhz1nk2o777jo8.jpg","datePublished":"2021-11-24T11:05:49+00:00","dateModified":"2023-10-10T08:44:40+00:00","breadcrumb":{"@id":"https:\/\/terravolonteri.com\/fr\/biodiversite\/#breadcrumb"},"inLanguage":"fr-FR","potentialAction":[{"@type":"ReadAction","target":["https:\/\/terravolonteri.com\/fr\/biodiversite\/"]}]},{"@type":"ImageObject","inLanguage":"fr-FR","@id":"https:\/\/terravolonteri.com\/fr\/biodiversite\/#primaryimage","url":"https:\/\/terravolonteri.com\/wp-content\/uploads\/elementor\/thumbs\/Terra-Volonteri-Collina4-qcx9qjy6dzuuzvfyj4gnygt7rt89rhz1nk2o777jo8.jpg","contentUrl":"https:\/\/terravolonteri.com\/wp-content\/uploads\/elementor\/thumbs\/Terra-Volonteri-Collina4-qcx9qjy6dzuuzvfyj4gnygt7rt89rhz1nk2o777jo8.jpg"},{"@type":"BreadcrumbList","@id":"https:\/\/terravolonteri.com\/fr\/biodiversite\/#breadcrumb","itemListElement":[{"@type":"ListItem","position":1,"name":"Home","item":"https:\/\/terravolonteri.com\/fr\/bienvenu\/"},{"@type":"ListItem","position":2,"name":"Biodiversit\u00e9"}]},{"@type":"WebSite","@id":"https:\/\/terravolonteri.com\/it\/#website","url":"https:\/\/terravolonteri.com\/it\/","name":"Agriturismo Terra Volonteri","description":"Montecatini Eco Lodge","publisher":{"@id":"https:\/\/terravolonteri.com\/it\/#organization"},"potentialAction":[{"@type":"SearchAction","target":{"@type":"EntryPoint","urlTemplate":"https:\/\/terravolonteri.com\/it\/?s={search_term_string}"},"query-input":{"@type":"PropertyValueSpecification","valueRequired":true,"valueName":"search_term_string"}}],"inLanguage":"fr-FR"},{"@type":"Organization","@id":"https:\/\/terravolonteri.com\/it\/#organization","name":"Agriturismo Terra Volonteri","url":"https:\/\/terravolonteri.com\/it\/","logo":{"@type":"ImageObject","inLanguage":"fr-FR","@id":"https:\/\/terravolonteri.com\/it\/#\/schema\/logo\/image\/","url":"https:\/\/terravolonteri.com\/wp-content\/uploads\/2023\/11\/Agriturismo-Terra-Volonteri-Logo.png","contentUrl":"https:\/\/terravolonteri.com\/wp-content\/uploads\/2023\/11\/Agriturismo-Terra-Volonteri-Logo.png","width":600,"height":257,"caption":"Agriturismo Terra Volonteri"},"image":{"@id":"https:\/\/terravolonteri.com\/it\/#\/schema\/logo\/image\/"},"sameAs":["https:\/\/www.instagram.com\/terra_volonteri\/"]}]}},"_links":{"self":[{"href":"https:\/\/terravolonteri.com\/fr\/wp-json\/wp\/v2\/pages\/539","targetHints":{"allow":["GET"]}}],"collection":[{"href":"https:\/\/terravolonteri.com\/fr\/wp-json\/wp\/v2\/pages"}],"about":[{"href":"https:\/\/terravolonteri.com\/fr\/wp-json\/wp\/v2\/types\/page"}],"author":[{"embeddable":true,"href":"https:\/\/terravolonteri.com\/fr\/wp-json\/wp\/v2\/users\/1"}],"replies":[{"embeddable":true,"href":"https:\/\/terravolonteri.com\/fr\/wp-json\/wp\/v2\/comments?post=539"}],"version-history":[{"count":3,"href":"https:\/\/terravolonteri.com\/fr\/wp-json\/wp\/v2\/pages\/539\/revisions"}],"predecessor-version":[{"id":542,"href":"https:\/\/terravolonteri.com\/fr\/wp-json\/wp\/v2\/pages\/539\/revisions\/542"}],"wp:attachment":[{"href":"https:\/\/terravolonteri.com\/fr\/wp-json\/wp\/v2\/media?parent=539"}],"curies":[{"name":"wp","href":"https:\/\/api.w.org\/{rel}","templated":true}]}}