{"id":547,"date":"2021-11-24T11:05:38","date_gmt":"2021-11-24T11:05:38","guid":{"rendered":"https:\/\/terravolonteri.com\/index.php\/territoire\/"},"modified":"2023-11-14T10:09:22","modified_gmt":"2023-11-14T10:09:22","slug":"territoire","status":"publish","type":"page","link":"https:\/\/terravolonteri.com\/fr\/territoire\/","title":{"rendered":"Territoire"},"content":{"rendered":"\t\t<div data-elementor-type=\"wp-page\" data-elementor-id=\"547\" class=\"elementor elementor-547 elementor-21\" data-elementor-post-type=\"page\">\n\t\t\t\t\t\t<section class=\"elementor-section elementor-top-section elementor-element elementor-element-12f509f elementor-section-full_width elementor-section-height-min-height elementor-section-height-default elementor-section-items-middle\" data-id=\"12f509f\" data-element_type=\"section\" data-e-type=\"section\" data-settings=\"{&quot;background_background&quot;:&quot;classic&quot;}\">\n\t\t\t\t\t\t\t<div class=\"elementor-background-overlay\"><\/div>\n\t\t\t\t\t\t\t<div class=\"elementor-container elementor-column-gap-default\">\n\t\t\t\t\t<div class=\"elementor-column elementor-col-100 elementor-top-column elementor-element elementor-element-f1d551b\" data-id=\"f1d551b\" data-element_type=\"column\" data-e-type=\"column\">\n\t\t\t<div class=\"elementor-widget-wrap elementor-element-populated\">\n\t\t\t\t\t\t<div class=\"elementor-element elementor-element-ef5de01 elementor-widget elementor-widget-heading\" data-id=\"ef5de01\" data-element_type=\"widget\" data-e-type=\"widget\" data-widget_type=\"heading.default\">\n\t\t\t\t<div class=\"elementor-widget-container\">\n\t\t\t\t\t<h1 class=\"elementor-heading-title elementor-size-default\">Territoire<\/h1>\t\t\t\t<\/div>\n\t\t\t\t<\/div>\n\t\t\t\t\t<\/div>\n\t\t<\/div>\n\t\t\t\t\t<\/div>\n\t\t<\/section>\n\t\t\t\t<section class=\"elementor-section elementor-top-section elementor-element elementor-element-21cd20c elementor-section-boxed elementor-section-height-default elementor-section-height-default\" data-id=\"21cd20c\" data-element_type=\"section\" data-e-type=\"section\">\n\t\t\t\t\t\t<div class=\"elementor-container elementor-column-gap-default\">\n\t\t\t\t\t<div class=\"elementor-column elementor-col-100 elementor-top-column elementor-element elementor-element-5e0c120\" data-id=\"5e0c120\" data-element_type=\"column\" data-e-type=\"column\">\n\t\t\t<div class=\"elementor-widget-wrap elementor-element-populated\">\n\t\t\t\t\t\t<div class=\"elementor-element elementor-element-e005613 elementor-widget elementor-widget-text-editor\" data-id=\"e005613\" data-element_type=\"widget\" data-e-type=\"widget\" data-widget_type=\"text-editor.default\">\n\t\t\t\t<div class=\"elementor-widget-container\">\n\t\t\t\t\t\t\t\t\t<h2 style=\"text-align: center;\">De la campagne \u00e0 Botticelli<\/h2>\n<p style=\"text-align: center;\">La Toscane, un lieu extraordinaire qui embrasse l&rsquo;art avec passion! Les c\u00e9l\u00e8bres collines sont joliment d\u00e9cor\u00e9es de vignes et d&rsquo;oliviers.<\/p>\n<p>Les oliviers sont de vari\u00e9t\u00e9s prestigieuses, dont le frantoio au feuillage luxuriant, le leccino et le moraiolo, qui composent ensemble le m\u00e9lange classique de l&rsquo;huile toscane IGP. Les vignobles abritent des c\u00e9pages prestigieux tels que le Sangiovese, le Merlot et le Cabernet Franc, qui donnent vie \u00e0 des vins rouges r\u00e9put\u00e9s dans le monde entier.<\/p>\n<p>Mais ce n\u2019est pas seulement la nature qui rend ce lieu unique ; La Toscane est un exemple extraordinaire de biodiversit\u00e9. Et lorsqu&rsquo;il s&rsquo;agit d&rsquo;art, fermez les yeux et choisissez une direction : la Renaissance se d\u00e9voile dans tous les recoins d&rsquo;une ville ou d&rsquo;un village pittoresque.<\/p>\n\t\t\t\t\t\t\t\t<\/div>\n\t\t\t\t<\/div>\n\t\t\t\t\t<\/div>\n\t\t<\/div>\n\t\t\t\t\t<\/div>\n\t\t<\/section>\n\t\t\t\t<section class=\"elementor-section elementor-top-section elementor-element elementor-element-a1836d8 elementor-section-full_width elementor-section-height-default elementor-section-height-default\" data-id=\"a1836d8\" data-element_type=\"section\" data-e-type=\"section\">\n\t\t\t\t\t\t<div class=\"elementor-container elementor-column-gap-default\">\n\t\t\t\t\t<div class=\"elementor-column elementor-col-50 elementor-top-column elementor-element elementor-element-24a4b80\" data-id=\"24a4b80\" data-element_type=\"column\" data-e-type=\"column\" data-settings=\"{&quot;background_background&quot;:&quot;slideshow&quot;,&quot;background_slideshow_gallery&quot;:[{&quot;id&quot;:891,&quot;url&quot;:&quot;https:\\\/\\\/terravolonteri.com\\\/wp-content\\\/uploads\\\/2023\\\/11\\\/territorio-1.jpg&quot;}],&quot;background_slideshow_loop&quot;:&quot;yes&quot;,&quot;background_slideshow_slide_duration&quot;:5000,&quot;background_slideshow_slide_transition&quot;:&quot;fade&quot;,&quot;background_slideshow_transition_duration&quot;:500}\">\n\t\t\t<div class=\"elementor-widget-wrap elementor-element-populated\">\n\t\t\t\t\t\t<div class=\"elementor-element elementor-element-061dbd0 elementor-widget elementor-widget-spacer\" data-id=\"061dbd0\" data-element_type=\"widget\" data-e-type=\"widget\" data-widget_type=\"spacer.default\">\n\t\t\t\t<div class=\"elementor-widget-container\">\n\t\t\t\t\t\t\t<div class=\"elementor-spacer\">\n\t\t\t<div class=\"elementor-spacer-inner\"><\/div>\n\t\t<\/div>\n\t\t\t\t\t\t<\/div>\n\t\t\t\t<\/div>\n\t\t\t\t\t<\/div>\n\t\t<\/div>\n\t\t\t\t<div class=\"elementor-column elementor-col-50 elementor-top-column elementor-element elementor-element-783b42b\" data-id=\"783b42b\" data-element_type=\"column\" data-e-type=\"column\" data-settings=\"{&quot;background_background&quot;:&quot;classic&quot;}\">\n\t\t\t<div class=\"elementor-widget-wrap elementor-element-populated\">\n\t\t\t\t\t\t<div class=\"elementor-element elementor-element-b078fb9 elementor-widget elementor-widget-text-editor\" data-id=\"b078fb9\" data-element_type=\"widget\" data-e-type=\"widget\" data-widget_type=\"text-editor.default\">\n\t\t\t\t<div class=\"elementor-widget-container\">\n\t\t\t\t\t\t\t\t\t<h2 style=\"text-align: center;\"><span style=\"font-style: inherit; font-weight: inherit;\">La ville de Montecatini<\/span><\/h2>\n<p style=\"text-align: center;\">Montecatini est une destination touristique compl\u00e8te, avec un large \u00e9ventail d&rsquo;h\u00f4tels, de restaurants et de magasins, ce qui la rend parfaite aussi bien pour une courte escale que pour un s\u00e9jour plus long. Les visiteurs peuvent d\u00e9couvrir le charme d&rsquo;une ville thermale traditionnelle, s&rsquo;immerger dans la beaut\u00e9 naturelle environnante et d\u00e9guster une d\u00e9licieuse cuisine toscane. En bref, Montecatini offre une exp\u00e9rience touristique inoubliable \u00e0 ceux qui recherchent la d\u00e9tente, la culture et la beaut\u00e9 des paysages.<\/p>\n\t\t\t\t\t\t\t\t<\/div>\n\t\t\t\t<\/div>\n\t\t\t\t\t<\/div>\n\t\t<\/div>\n\t\t\t\t\t<\/div>\n\t\t<\/section>\n\t\t\t\t<section class=\"elementor-section elementor-top-section elementor-element elementor-element-24c8954 elementor-section-full_width elementor-reverse-mobile elementor-section-height-default elementor-section-height-default\" data-id=\"24c8954\" data-element_type=\"section\" data-e-type=\"section\">\n\t\t\t\t\t\t<div class=\"elementor-container elementor-column-gap-default\">\n\t\t\t\t\t<div class=\"elementor-column elementor-col-50 elementor-top-column elementor-element elementor-element-b78f794\" data-id=\"b78f794\" data-element_type=\"column\" data-e-type=\"column\" data-settings=\"{&quot;background_background&quot;:&quot;classic&quot;}\">\n\t\t\t<div class=\"elementor-widget-wrap elementor-element-populated\">\n\t\t\t\t\t\t<div class=\"elementor-element elementor-element-08407d3 elementor-widget elementor-widget-text-editor\" data-id=\"08407d3\" data-element_type=\"widget\" data-e-type=\"widget\" data-widget_type=\"text-editor.default\">\n\t\t\t\t<div class=\"elementor-widget-container\">\n\t\t\t\t\t\t\t\t\t<h2 style=\"text-align: center;\"><span style=\"font-style: inherit; font-weight: inherit;\">Les thermes<\/span><\/h2>\n<p>Les eaux des thermes de Montecatini sont appr\u00e9ci\u00e9es depuis l&rsquo;\u00e9poque des anciens Romains. La zone a connu sa premi\u00e8re urbanisation sous le r\u00e8gne du grand-duc de Toscane, Pietro Leopoldo, qui fit construire \u00ab les bains \u00bb et cr\u00e9a une large avenue d&rsquo;acc\u00e8s.&nbsp;<span style=\"font-style: inherit; font-weight: inherit; color: var(--ast-global-color-3);\">Mais c&rsquo;est au XXe si\u00e8cle que l&rsquo;architecte Giulio Bernardini accomplit un travail extraordinaire, transformant Montecatini en une v\u00e9ritable ville thermale.<\/span><\/p>\t\t\t\t\t\t\t\t<\/div>\n\t\t\t\t<\/div>\n\t\t\t\t\t<\/div>\n\t\t<\/div>\n\t\t\t\t<div class=\"elementor-column elementor-col-50 elementor-top-column elementor-element elementor-element-d7e2fed\" data-id=\"d7e2fed\" data-element_type=\"column\" data-e-type=\"column\" data-settings=\"{&quot;background_background&quot;:&quot;slideshow&quot;,&quot;background_slideshow_gallery&quot;:[{&quot;id&quot;:894,&quot;url&quot;:&quot;https:\\\/\\\/terravolonteri.com\\\/wp-content\\\/uploads\\\/2023\\\/11\\\/territorio-2.jpg&quot;}],&quot;background_slideshow_loop&quot;:&quot;yes&quot;,&quot;background_slideshow_slide_duration&quot;:5000,&quot;background_slideshow_slide_transition&quot;:&quot;fade&quot;,&quot;background_slideshow_transition_duration&quot;:500}\">\n\t\t\t<div class=\"elementor-widget-wrap elementor-element-populated\">\n\t\t\t\t\t\t<div class=\"elementor-element elementor-element-96b58e9 elementor-widget elementor-widget-spacer\" data-id=\"96b58e9\" data-element_type=\"widget\" data-e-type=\"widget\" data-widget_type=\"spacer.default\">\n\t\t\t\t<div class=\"elementor-widget-container\">\n\t\t\t\t\t\t\t<div class=\"elementor-spacer\">\n\t\t\t<div class=\"elementor-spacer-inner\"><\/div>\n\t\t<\/div>\n\t\t\t\t\t\t<\/div>\n\t\t\t\t<\/div>\n\t\t\t\t\t<\/div>\n\t\t<\/div>\n\t\t\t\t\t<\/div>\n\t\t<\/section>\n\t\t\t\t<section class=\"elementor-section elementor-top-section elementor-element elementor-element-537316d elementor-section-full_width elementor-section-height-default elementor-section-height-default\" data-id=\"537316d\" data-element_type=\"section\" data-e-type=\"section\">\n\t\t\t\t\t\t<div class=\"elementor-container elementor-column-gap-default\">\n\t\t\t\t\t<div class=\"elementor-column elementor-col-50 elementor-top-column elementor-element elementor-element-7e4e490\" data-id=\"7e4e490\" data-element_type=\"column\" data-e-type=\"column\" data-settings=\"{&quot;background_background&quot;:&quot;slideshow&quot;,&quot;background_slideshow_gallery&quot;:[{&quot;id&quot;:321,&quot;url&quot;:&quot;https:\\\/\\\/terravolonteri.com\\\/wp-content\\\/uploads\\\/2023\\\/09\\\/Terra-Volonteri-Wine.jpg&quot;}],&quot;background_slideshow_loop&quot;:&quot;yes&quot;,&quot;background_slideshow_slide_duration&quot;:5000,&quot;background_slideshow_slide_transition&quot;:&quot;fade&quot;,&quot;background_slideshow_transition_duration&quot;:500}\">\n\t\t\t<div class=\"elementor-widget-wrap elementor-element-populated\">\n\t\t\t\t\t\t<div class=\"elementor-element elementor-element-aa52f10 elementor-widget elementor-widget-spacer\" data-id=\"aa52f10\" data-element_type=\"widget\" data-e-type=\"widget\" data-widget_type=\"spacer.default\">\n\t\t\t\t<div class=\"elementor-widget-container\">\n\t\t\t\t\t\t\t<div class=\"elementor-spacer\">\n\t\t\t<div class=\"elementor-spacer-inner\"><\/div>\n\t\t<\/div>\n\t\t\t\t\t\t<\/div>\n\t\t\t\t<\/div>\n\t\t\t\t\t<\/div>\n\t\t<\/div>\n\t\t\t\t<div class=\"elementor-column elementor-col-50 elementor-top-column elementor-element elementor-element-27d90be\" data-id=\"27d90be\" data-element_type=\"column\" data-e-type=\"column\" data-settings=\"{&quot;background_background&quot;:&quot;classic&quot;}\">\n\t\t\t<div class=\"elementor-widget-wrap elementor-element-populated\">\n\t\t\t\t\t\t<div class=\"elementor-element elementor-element-4765b59 elementor-widget elementor-widget-text-editor\" data-id=\"4765b59\" data-element_type=\"widget\" data-e-type=\"widget\" data-widget_type=\"text-editor.default\">\n\t\t\t\t<div class=\"elementor-widget-container\">\n\t\t\t\t\t\t\t\t\t<h2 style=\"text-align: center;\"><span style=\"font-style: inherit; font-weight: inherit;\">Vins &amp; Gastronomie<\/span><\/h2>\n<p style=\"text-align: center;\">La Toscane est un \u00e9picentre culinaire et viticole de renomm\u00e9e mondiale. Ses vins, dont le Chianti et le Brunello, sont embl\u00e9matiques pour leur caract\u00e8re distinctif. La cuisine toscane c\u00e9l\u00e8bre la simplicit\u00e9 et la qualit\u00e9 des ingr\u00e9dients locaux. Des plats tels que la ribollita, une soupe au pain et aux l\u00e9gumes, et le steak fiorentina, un succulent steak de b\u0153uf grill\u00e9, incarnent la tradition culinaire toscane. Les fromages comme le Pecorino et l&rsquo;huile d&rsquo;olive extra vierge sont des piliers de la gastronomie locale. En r\u00e9sum\u00e9, la Toscane offre une exp\u00e9rience gastronomique et \u0153nologique extraordinaire qui enchante les palais du monde entier.<\/p>\t\t\t\t\t\t\t\t<\/div>\n\t\t\t\t<\/div>\n\t\t\t\t\t<\/div>\n\t\t<\/div>\n\t\t\t\t\t<\/div>\n\t\t<\/section>\n\t\t\t\t<\/div>\n\t\t","protected":false},"excerpt":{"rendered":"<p>Territoire De la campagne \u00e0 Botticelli La Toscane, un lieu extraordinaire qui embrasse l&rsquo;art avec passion! Les c\u00e9l\u00e8bres collines sont joliment d\u00e9cor\u00e9es de vignes et d&rsquo;oliviers. Les oliviers sont de vari\u00e9t\u00e9s prestigieuses, dont le frantoio au feuillage luxuriant, le leccino et le moraiolo, qui composent ensemble le m\u00e9lange classique de l&rsquo;huile toscane IGP. Les vignobles [&hellip;]<\/p>\n","protected":false},"author":1,"featured_media":0,"parent":0,"menu_order":0,"comment_status":"closed","ping_status":"closed","template":"","meta":{"site-sidebar-layout":"no-sidebar","site-content-layout":"page-builder","ast-site-content-layout":"default","site-content-style":"default","site-sidebar-style":"default","ast-global-header-display":"","ast-banner-title-visibility":"","ast-main-header-display":"","ast-hfb-above-header-display":"","ast-hfb-below-header-display":"","ast-hfb-mobile-header-display":"","site-post-title":"disabled","ast-breadcrumbs-content":"","ast-featured-img":"disabled","footer-sml-layout":"","ast-disable-related-posts":"","theme-transparent-header-meta":"","adv-header-id-meta":"","stick-header-meta":"","header-above-stick-meta":"","header-main-stick-meta":"","header-below-stick-meta":"","astra-migrate-meta-layouts":"default","ast-page-background-enabled":"default","ast-page-background-meta":{"desktop":{"background-color":"var(--ast-global-color-4)","background-image":"","background-repeat":"repeat","background-position":"center center","background-size":"auto","background-attachment":"scroll","background-type":"","background-media":"","overlay-type":"","overlay-color":"","overlay-opacity":"","overlay-gradient":""},"tablet":{"background-color":"","background-image":"","background-repeat":"repeat","background-position":"center center","background-size":"auto","background-attachment":"scroll","background-type":"","background-media":"","overlay-type":"","overlay-color":"","overlay-opacity":"","overlay-gradient":""},"mobile":{"background-color":"","background-image":"","background-repeat":"repeat","background-position":"center center","background-size":"auto","background-attachment":"scroll","background-type":"","background-media":"","overlay-type":"","overlay-color":"","overlay-opacity":"","overlay-gradient":""}},"ast-content-background-meta":{"desktop":{"background-color":"var(--ast-global-color-5)","background-image":"","background-repeat":"repeat","background-position":"center center","background-size":"auto","background-attachment":"scroll","background-type":"","background-media":"","overlay-type":"","overlay-color":"","overlay-opacity":"","overlay-gradient":""},"tablet":{"background-color":"var(--ast-global-color-5)","background-image":"","background-repeat":"repeat","background-position":"center center","background-size":"auto","background-attachment":"scroll","background-type":"","background-media":"","overlay-type":"","overlay-color":"","overlay-opacity":"","overlay-gradient":""},"mobile":{"background-color":"var(--ast-global-color-5)","background-image":"","background-repeat":"repeat","background-position":"center center","background-size":"auto","background-attachment":"scroll","background-type":"","background-media":"","overlay-type":"","overlay-color":"","overlay-opacity":"","overlay-gradient":""}},"footnotes":""},"class_list":["post-547","page","type-page","status-publish","hentry"],"yoast_head":"<!-- This site is optimized with the Yoast SEO plugin v27.2 - https:\/\/yoast.com\/product\/yoast-seo-wordpress\/ -->\n<title>Territoire - Agriturismo Terra Volonteri<\/title>\n<meta name=\"robots\" content=\"index, follow, max-snippet:-1, max-image-preview:large, max-video-preview:-1\" \/>\n<link rel=\"canonical\" href=\"https:\/\/terravolonteri.com\/fr\/territoire\/\" \/>\n<meta property=\"og:locale\" content=\"fr_FR\" \/>\n<meta property=\"og:type\" content=\"article\" \/>\n<meta property=\"og:title\" content=\"Territoire - Agriturismo Terra Volonteri\" \/>\n<meta property=\"og:description\" content=\"Territoire De la campagne \u00e0 Botticelli La Toscane, un lieu extraordinaire qui embrasse l&rsquo;art avec passion! Les c\u00e9l\u00e8bres collines sont joliment d\u00e9cor\u00e9es de vignes et d&rsquo;oliviers. Les oliviers sont de vari\u00e9t\u00e9s prestigieuses, dont le frantoio au feuillage luxuriant, le leccino et le moraiolo, qui composent ensemble le m\u00e9lange classique de l&rsquo;huile toscane IGP. Les vignobles [&hellip;]\" \/>\n<meta property=\"og:url\" content=\"https:\/\/terravolonteri.com\/fr\/territoire\/\" \/>\n<meta property=\"og:site_name\" content=\"Agriturismo Terra Volonteri\" \/>\n<meta property=\"article:modified_time\" content=\"2023-11-14T10:09:22+00:00\" \/>\n<meta name=\"twitter:card\" content=\"summary_large_image\" \/>\n<meta name=\"twitter:label1\" content=\"Dur\u00e9e de lecture estim\u00e9e\" \/>\n\t<meta name=\"twitter:data1\" content=\"2 minutes\" \/>\n<script type=\"application\/ld+json\" class=\"yoast-schema-graph\">{\"@context\":\"https:\/\/schema.org\",\"@graph\":[{\"@type\":\"WebPage\",\"@id\":\"https:\/\/terravolonteri.com\/fr\/territoire\/\",\"url\":\"https:\/\/terravolonteri.com\/fr\/territoire\/\",\"name\":\"Territoire - Agriturismo Terra Volonteri\",\"isPartOf\":{\"@id\":\"https:\/\/terravolonteri.com\/it\/#website\"},\"datePublished\":\"2021-11-24T11:05:38+00:00\",\"dateModified\":\"2023-11-14T10:09:22+00:00\",\"breadcrumb\":{\"@id\":\"https:\/\/terravolonteri.com\/fr\/territoire\/#breadcrumb\"},\"inLanguage\":\"fr-FR\",\"potentialAction\":[{\"@type\":\"ReadAction\",\"target\":[\"https:\/\/terravolonteri.com\/fr\/territoire\/\"]}]},{\"@type\":\"BreadcrumbList\",\"@id\":\"https:\/\/terravolonteri.com\/fr\/territoire\/#breadcrumb\",\"itemListElement\":[{\"@type\":\"ListItem\",\"position\":1,\"name\":\"Home\",\"item\":\"https:\/\/terravolonteri.com\/fr\/bienvenu\/\"},{\"@type\":\"ListItem\",\"position\":2,\"name\":\"Territoire\"}]},{\"@type\":\"WebSite\",\"@id\":\"https:\/\/terravolonteri.com\/it\/#website\",\"url\":\"https:\/\/terravolonteri.com\/it\/\",\"name\":\"Agriturismo Terra Volonteri\",\"description\":\"Montecatini Eco Lodge\",\"publisher\":{\"@id\":\"https:\/\/terravolonteri.com\/it\/#organization\"},\"potentialAction\":[{\"@type\":\"SearchAction\",\"target\":{\"@type\":\"EntryPoint\",\"urlTemplate\":\"https:\/\/terravolonteri.com\/it\/?s={search_term_string}\"},\"query-input\":{\"@type\":\"PropertyValueSpecification\",\"valueRequired\":true,\"valueName\":\"search_term_string\"}}],\"inLanguage\":\"fr-FR\"},{\"@type\":\"Organization\",\"@id\":\"https:\/\/terravolonteri.com\/it\/#organization\",\"name\":\"Agriturismo Terra Volonteri\",\"url\":\"https:\/\/terravolonteri.com\/it\/\",\"logo\":{\"@type\":\"ImageObject\",\"inLanguage\":\"fr-FR\",\"@id\":\"https:\/\/terravolonteri.com\/it\/#\/schema\/logo\/image\/\",\"url\":\"https:\/\/terravolonteri.com\/wp-content\/uploads\/2023\/11\/Agriturismo-Terra-Volonteri-Logo.png\",\"contentUrl\":\"https:\/\/terravolonteri.com\/wp-content\/uploads\/2023\/11\/Agriturismo-Terra-Volonteri-Logo.png\",\"width\":600,\"height\":257,\"caption\":\"Agriturismo Terra Volonteri\"},\"image\":{\"@id\":\"https:\/\/terravolonteri.com\/it\/#\/schema\/logo\/image\/\"},\"sameAs\":[\"https:\/\/www.instagram.com\/terra_volonteri\/\"]}]}<\/script>\n<!-- \/ Yoast SEO plugin. -->","yoast_head_json":{"title":"Territoire - Agriturismo Terra Volonteri","robots":{"index":"index","follow":"follow","max-snippet":"max-snippet:-1","max-image-preview":"max-image-preview:large","max-video-preview":"max-video-preview:-1"},"canonical":"https:\/\/terravolonteri.com\/fr\/territoire\/","og_locale":"fr_FR","og_type":"article","og_title":"Territoire - Agriturismo Terra Volonteri","og_description":"Territoire De la campagne \u00e0 Botticelli La Toscane, un lieu extraordinaire qui embrasse l&rsquo;art avec passion! Les c\u00e9l\u00e8bres collines sont joliment d\u00e9cor\u00e9es de vignes et d&rsquo;oliviers. Les oliviers sont de vari\u00e9t\u00e9s prestigieuses, dont le frantoio au feuillage luxuriant, le leccino et le moraiolo, qui composent ensemble le m\u00e9lange classique de l&rsquo;huile toscane IGP. Les vignobles [&hellip;]","og_url":"https:\/\/terravolonteri.com\/fr\/territoire\/","og_site_name":"Agriturismo Terra Volonteri","article_modified_time":"2023-11-14T10:09:22+00:00","twitter_card":"summary_large_image","twitter_misc":{"Dur\u00e9e de lecture estim\u00e9e":"2 minutes"},"schema":{"@context":"https:\/\/schema.org","@graph":[{"@type":"WebPage","@id":"https:\/\/terravolonteri.com\/fr\/territoire\/","url":"https:\/\/terravolonteri.com\/fr\/territoire\/","name":"Territoire - Agriturismo Terra Volonteri","isPartOf":{"@id":"https:\/\/terravolonteri.com\/it\/#website"},"datePublished":"2021-11-24T11:05:38+00:00","dateModified":"2023-11-14T10:09:22+00:00","breadcrumb":{"@id":"https:\/\/terravolonteri.com\/fr\/territoire\/#breadcrumb"},"inLanguage":"fr-FR","potentialAction":[{"@type":"ReadAction","target":["https:\/\/terravolonteri.com\/fr\/territoire\/"]}]},{"@type":"BreadcrumbList","@id":"https:\/\/terravolonteri.com\/fr\/territoire\/#breadcrumb","itemListElement":[{"@type":"ListItem","position":1,"name":"Home","item":"https:\/\/terravolonteri.com\/fr\/bienvenu\/"},{"@type":"ListItem","position":2,"name":"Territoire"}]},{"@type":"WebSite","@id":"https:\/\/terravolonteri.com\/it\/#website","url":"https:\/\/terravolonteri.com\/it\/","name":"Agriturismo Terra Volonteri","description":"Montecatini Eco Lodge","publisher":{"@id":"https:\/\/terravolonteri.com\/it\/#organization"},"potentialAction":[{"@type":"SearchAction","target":{"@type":"EntryPoint","urlTemplate":"https:\/\/terravolonteri.com\/it\/?s={search_term_string}"},"query-input":{"@type":"PropertyValueSpecification","valueRequired":true,"valueName":"search_term_string"}}],"inLanguage":"fr-FR"},{"@type":"Organization","@id":"https:\/\/terravolonteri.com\/it\/#organization","name":"Agriturismo Terra Volonteri","url":"https:\/\/terravolonteri.com\/it\/","logo":{"@type":"ImageObject","inLanguage":"fr-FR","@id":"https:\/\/terravolonteri.com\/it\/#\/schema\/logo\/image\/","url":"https:\/\/terravolonteri.com\/wp-content\/uploads\/2023\/11\/Agriturismo-Terra-Volonteri-Logo.png","contentUrl":"https:\/\/terravolonteri.com\/wp-content\/uploads\/2023\/11\/Agriturismo-Terra-Volonteri-Logo.png","width":600,"height":257,"caption":"Agriturismo Terra Volonteri"},"image":{"@id":"https:\/\/terravolonteri.com\/it\/#\/schema\/logo\/image\/"},"sameAs":["https:\/\/www.instagram.com\/terra_volonteri\/"]}]}},"_links":{"self":[{"href":"https:\/\/terravolonteri.com\/fr\/wp-json\/wp\/v2\/pages\/547","targetHints":{"allow":["GET"]}}],"collection":[{"href":"https:\/\/terravolonteri.com\/fr\/wp-json\/wp\/v2\/pages"}],"about":[{"href":"https:\/\/terravolonteri.com\/fr\/wp-json\/wp\/v2\/types\/page"}],"author":[{"embeddable":true,"href":"https:\/\/terravolonteri.com\/fr\/wp-json\/wp\/v2\/users\/1"}],"replies":[{"embeddable":true,"href":"https:\/\/terravolonteri.com\/fr\/wp-json\/wp\/v2\/comments?post=547"}],"version-history":[{"count":9,"href":"https:\/\/terravolonteri.com\/fr\/wp-json\/wp\/v2\/pages\/547\/revisions"}],"predecessor-version":[{"id":906,"href":"https:\/\/terravolonteri.com\/fr\/wp-json\/wp\/v2\/pages\/547\/revisions\/906"}],"wp:attachment":[{"href":"https:\/\/terravolonteri.com\/fr\/wp-json\/wp\/v2\/media?parent=547"}],"curies":[{"name":"wp","href":"https:\/\/api.w.org\/{rel}","templated":true}]}}