{"id":559,"date":"2021-11-24T11:04:52","date_gmt":"2021-11-24T11:04:52","guid":{"rendered":"https:\/\/terravolonteri.com\/index.php\/notre-histoire\/"},"modified":"2023-11-14T10:30:48","modified_gmt":"2023-11-14T10:30:48","slug":"notre-histoire","status":"publish","type":"page","link":"https:\/\/terravolonteri.com\/fr\/notre-histoire\/","title":{"rendered":"Notre histoire"},"content":{"rendered":"\t\t<div data-elementor-type=\"wp-page\" data-elementor-id=\"559\" class=\"elementor elementor-559 elementor-15\" data-elementor-post-type=\"page\">\n\t\t\t\t\t\t<section class=\"elementor-section elementor-top-section elementor-element elementor-element-a33ae7d elementor-section-full_width elementor-section-height-min-height elementor-section-height-default elementor-section-items-middle\" data-id=\"a33ae7d\" data-element_type=\"section\" data-e-type=\"section\" data-settings=\"{&quot;background_background&quot;:&quot;classic&quot;}\">\n\t\t\t\t\t\t\t<div class=\"elementor-background-overlay\"><\/div>\n\t\t\t\t\t\t\t<div class=\"elementor-container elementor-column-gap-default\">\n\t\t\t\t\t<div class=\"elementor-column elementor-col-100 elementor-top-column elementor-element elementor-element-b240ad1\" data-id=\"b240ad1\" data-element_type=\"column\" data-e-type=\"column\">\n\t\t\t<div class=\"elementor-widget-wrap elementor-element-populated\">\n\t\t\t\t\t\t<div class=\"elementor-element elementor-element-be090f5 elementor-widget elementor-widget-heading\" data-id=\"be090f5\" data-element_type=\"widget\" data-e-type=\"widget\" data-widget_type=\"heading.default\">\n\t\t\t\t<div class=\"elementor-widget-container\">\n\t\t\t\t\t<h1 class=\"elementor-heading-title elementor-size-default\">Notre histoire<\/h1>\t\t\t\t<\/div>\n\t\t\t\t<\/div>\n\t\t\t\t\t<\/div>\n\t\t<\/div>\n\t\t\t\t\t<\/div>\n\t\t<\/section>\n\t\t\t\t<section class=\"elementor-section elementor-top-section elementor-element elementor-element-d0e6ba0 elementor-section-boxed elementor-section-height-default elementor-section-height-default\" data-id=\"d0e6ba0\" data-element_type=\"section\" data-e-type=\"section\">\n\t\t\t\t\t\t<div class=\"elementor-container elementor-column-gap-default\">\n\t\t\t\t\t<div class=\"elementor-column elementor-col-100 elementor-top-column elementor-element elementor-element-8901396\" data-id=\"8901396\" data-element_type=\"column\" data-e-type=\"column\">\n\t\t\t<div class=\"elementor-widget-wrap elementor-element-populated\">\n\t\t\t\t\t\t<div class=\"elementor-element elementor-element-13dc249 elementor-widget elementor-widget-text-editor\" data-id=\"13dc249\" data-element_type=\"widget\" data-e-type=\"widget\" data-widget_type=\"text-editor.default\">\n\t\t\t\t<div class=\"elementor-widget-container\">\n\t\t\t\t\t\t\t\t\t<h2 style=\"text-align: center;\">Une histoire d\u2019apprentissage, d\u2019entrepreneuriat et d\u2019innovation<\/h2>\n<div>\n<div>Notre histoire est celle d&rsquo;une famille italienne, originaire de Milan, qui a quitt\u00e9 l&rsquo;Italie il y a plus de trente ans avec le r\u00eave de revenir un jour dans la r\u00e9gion la plus embl\u00e9matique de notre pays, la Toscane. <\/p>\n<p>Notre philosophie est guid\u00e9e par trois piliers : Apprendre, Entreprendre, Innover. Cette vision nous a pouss\u00e9 \u00e0 rechercher une reconnaissance \u00e0 l&rsquo;\u00e9tranger, en acqu\u00e9rant de l&rsquo;exp\u00e9rience dans le domaine agricole international. Nous avons toujours eu l&rsquo;ardent d\u00e9sir d&rsquo;appliquer tout ce que nous avons appris \u00e0 notre terroir natal, dans le but de conserver et de valoriser notre terroir. Il est int\u00e9ressant de noter que bon nombre des concepts que nous avons adopt\u00e9s proviennent de nos compatriotes vivant en Argentine.<\/p>\n<\/div>\n<div>Aujourd&rsquo;hui, nous sommes fiers de dire que trois g\u00e9n\u00e9rations de notre famille sont impliqu\u00e9es dans cette aventure. La m\u00eame passion et le m\u00eame amour pour la Terre nous guident dans ce voyage extraordinaire, unissant le pass\u00e9, le pr\u00e9sent et le futur dans le soin et l&rsquo;appr\u00e9ciation de notre bien-aim\u00e9e Toscane.<\/div>\n<\/div>\n\t\t\t\t\t\t\t\t<\/div>\n\t\t\t\t<\/div>\n\t\t\t\t\t<\/div>\n\t\t<\/div>\n\t\t\t\t\t<\/div>\n\t\t<\/section>\n\t\t\t\t<\/div>\n\t\t","protected":false},"excerpt":{"rendered":"<p>Notre histoire Une histoire d\u2019apprentissage, d\u2019entrepreneuriat et d\u2019innovation Notre histoire est celle d&rsquo;une famille italienne, originaire de Milan, qui a quitt\u00e9 l&rsquo;Italie il y a plus de trente ans avec le r\u00eave de revenir un jour dans la r\u00e9gion la plus embl\u00e9matique de notre pays, la Toscane. Notre philosophie est guid\u00e9e par trois piliers : [&hellip;]<\/p>\n","protected":false},"author":1,"featured_media":0,"parent":0,"menu_order":0,"comment_status":"closed","ping_status":"closed","template":"","meta":{"site-sidebar-layout":"no-sidebar","site-content-layout":"page-builder","ast-site-content-layout":"default","site-content-style":"default","site-sidebar-style":"default","ast-global-header-display":"","ast-banner-title-visibility":"","ast-main-header-display":"","ast-hfb-above-header-display":"","ast-hfb-below-header-display":"","ast-hfb-mobile-header-display":"","site-post-title":"disabled","ast-breadcrumbs-content":"","ast-featured-img":"disabled","footer-sml-layout":"","ast-disable-related-posts":"","theme-transparent-header-meta":"","adv-header-id-meta":"","stick-header-meta":"","header-above-stick-meta":"","header-main-stick-meta":"","header-below-stick-meta":"","astra-migrate-meta-layouts":"default","ast-page-background-enabled":"default","ast-page-background-meta":{"desktop":{"background-color":"var(--ast-global-color-4)","background-image":"","background-repeat":"repeat","background-position":"center center","background-size":"auto","background-attachment":"scroll","background-type":"","background-media":"","overlay-type":"","overlay-color":"","overlay-opacity":"","overlay-gradient":""},"tablet":{"background-color":"","background-image":"","background-repeat":"repeat","background-position":"center center","background-size":"auto","background-attachment":"scroll","background-type":"","background-media":"","overlay-type":"","overlay-color":"","overlay-opacity":"","overlay-gradient":""},"mobile":{"background-color":"","background-image":"","background-repeat":"repeat","background-position":"center center","background-size":"auto","background-attachment":"scroll","background-type":"","background-media":"","overlay-type":"","overlay-color":"","overlay-opacity":"","overlay-gradient":""}},"ast-content-background-meta":{"desktop":{"background-color":"var(--ast-global-color-5)","background-image":"","background-repeat":"repeat","background-position":"center center","background-size":"auto","background-attachment":"scroll","background-type":"","background-media":"","overlay-type":"","overlay-color":"","overlay-opacity":"","overlay-gradient":""},"tablet":{"background-color":"var(--ast-global-color-5)","background-image":"","background-repeat":"repeat","background-position":"center center","background-size":"auto","background-attachment":"scroll","background-type":"","background-media":"","overlay-type":"","overlay-color":"","overlay-opacity":"","overlay-gradient":""},"mobile":{"background-color":"var(--ast-global-color-5)","background-image":"","background-repeat":"repeat","background-position":"center center","background-size":"auto","background-attachment":"scroll","background-type":"","background-media":"","overlay-type":"","overlay-color":"","overlay-opacity":"","overlay-gradient":""}},"footnotes":""},"class_list":["post-559","page","type-page","status-publish","hentry"],"yoast_head":"<!-- This site is optimized with the Yoast SEO plugin v27.2 - https:\/\/yoast.com\/product\/yoast-seo-wordpress\/ -->\n<title>Notre histoire - Agriturismo Terra Volonteri<\/title>\n<meta name=\"robots\" content=\"index, follow, max-snippet:-1, max-image-preview:large, max-video-preview:-1\" \/>\n<link rel=\"canonical\" href=\"https:\/\/terravolonteri.com\/fr\/notre-histoire\/\" \/>\n<meta property=\"og:locale\" content=\"fr_FR\" \/>\n<meta property=\"og:type\" content=\"article\" \/>\n<meta property=\"og:title\" content=\"Notre histoire - Agriturismo Terra Volonteri\" \/>\n<meta property=\"og:description\" content=\"Notre histoire Une histoire d\u2019apprentissage, d\u2019entrepreneuriat et d\u2019innovation Notre histoire est celle d&rsquo;une famille italienne, originaire de Milan, qui a quitt\u00e9 l&rsquo;Italie il y a plus de trente ans avec le r\u00eave de revenir un jour dans la r\u00e9gion la plus embl\u00e9matique de notre pays, la Toscane. Notre philosophie est guid\u00e9e par trois piliers : [&hellip;]\" \/>\n<meta property=\"og:url\" content=\"https:\/\/terravolonteri.com\/fr\/notre-histoire\/\" \/>\n<meta property=\"og:site_name\" content=\"Agriturismo Terra Volonteri\" \/>\n<meta property=\"article:modified_time\" content=\"2023-11-14T10:30:48+00:00\" \/>\n<meta name=\"twitter:card\" content=\"summary_large_image\" \/>\n<meta name=\"twitter:label1\" content=\"Dur\u00e9e de lecture estim\u00e9e\" \/>\n\t<meta name=\"twitter:data1\" content=\"1 minute\" \/>\n<script type=\"application\/ld+json\" class=\"yoast-schema-graph\">{\"@context\":\"https:\/\/schema.org\",\"@graph\":[{\"@type\":\"WebPage\",\"@id\":\"https:\/\/terravolonteri.com\/fr\/notre-histoire\/\",\"url\":\"https:\/\/terravolonteri.com\/fr\/notre-histoire\/\",\"name\":\"Notre histoire - Agriturismo Terra Volonteri\",\"isPartOf\":{\"@id\":\"https:\/\/terravolonteri.com\/it\/#website\"},\"datePublished\":\"2021-11-24T11:04:52+00:00\",\"dateModified\":\"2023-11-14T10:30:48+00:00\",\"breadcrumb\":{\"@id\":\"https:\/\/terravolonteri.com\/fr\/notre-histoire\/#breadcrumb\"},\"inLanguage\":\"fr-FR\",\"potentialAction\":[{\"@type\":\"ReadAction\",\"target\":[\"https:\/\/terravolonteri.com\/fr\/notre-histoire\/\"]}]},{\"@type\":\"BreadcrumbList\",\"@id\":\"https:\/\/terravolonteri.com\/fr\/notre-histoire\/#breadcrumb\",\"itemListElement\":[{\"@type\":\"ListItem\",\"position\":1,\"name\":\"Home\",\"item\":\"https:\/\/terravolonteri.com\/fr\/bienvenu\/\"},{\"@type\":\"ListItem\",\"position\":2,\"name\":\"Notre histoire\"}]},{\"@type\":\"WebSite\",\"@id\":\"https:\/\/terravolonteri.com\/it\/#website\",\"url\":\"https:\/\/terravolonteri.com\/it\/\",\"name\":\"Agriturismo Terra Volonteri\",\"description\":\"Montecatini Eco Lodge\",\"publisher\":{\"@id\":\"https:\/\/terravolonteri.com\/it\/#organization\"},\"potentialAction\":[{\"@type\":\"SearchAction\",\"target\":{\"@type\":\"EntryPoint\",\"urlTemplate\":\"https:\/\/terravolonteri.com\/it\/?s={search_term_string}\"},\"query-input\":{\"@type\":\"PropertyValueSpecification\",\"valueRequired\":true,\"valueName\":\"search_term_string\"}}],\"inLanguage\":\"fr-FR\"},{\"@type\":\"Organization\",\"@id\":\"https:\/\/terravolonteri.com\/it\/#organization\",\"name\":\"Agriturismo Terra Volonteri\",\"url\":\"https:\/\/terravolonteri.com\/it\/\",\"logo\":{\"@type\":\"ImageObject\",\"inLanguage\":\"fr-FR\",\"@id\":\"https:\/\/terravolonteri.com\/it\/#\/schema\/logo\/image\/\",\"url\":\"https:\/\/terravolonteri.com\/wp-content\/uploads\/2023\/11\/Agriturismo-Terra-Volonteri-Logo.png\",\"contentUrl\":\"https:\/\/terravolonteri.com\/wp-content\/uploads\/2023\/11\/Agriturismo-Terra-Volonteri-Logo.png\",\"width\":600,\"height\":257,\"caption\":\"Agriturismo Terra Volonteri\"},\"image\":{\"@id\":\"https:\/\/terravolonteri.com\/it\/#\/schema\/logo\/image\/\"},\"sameAs\":[\"https:\/\/www.instagram.com\/terra_volonteri\/\"]}]}<\/script>\n<!-- \/ Yoast SEO plugin. -->","yoast_head_json":{"title":"Notre histoire - Agriturismo Terra Volonteri","robots":{"index":"index","follow":"follow","max-snippet":"max-snippet:-1","max-image-preview":"max-image-preview:large","max-video-preview":"max-video-preview:-1"},"canonical":"https:\/\/terravolonteri.com\/fr\/notre-histoire\/","og_locale":"fr_FR","og_type":"article","og_title":"Notre histoire - Agriturismo Terra Volonteri","og_description":"Notre histoire Une histoire d\u2019apprentissage, d\u2019entrepreneuriat et d\u2019innovation Notre histoire est celle d&rsquo;une famille italienne, originaire de Milan, qui a quitt\u00e9 l&rsquo;Italie il y a plus de trente ans avec le r\u00eave de revenir un jour dans la r\u00e9gion la plus embl\u00e9matique de notre pays, la Toscane. Notre philosophie est guid\u00e9e par trois piliers : [&hellip;]","og_url":"https:\/\/terravolonteri.com\/fr\/notre-histoire\/","og_site_name":"Agriturismo Terra Volonteri","article_modified_time":"2023-11-14T10:30:48+00:00","twitter_card":"summary_large_image","twitter_misc":{"Dur\u00e9e de lecture estim\u00e9e":"1 minute"},"schema":{"@context":"https:\/\/schema.org","@graph":[{"@type":"WebPage","@id":"https:\/\/terravolonteri.com\/fr\/notre-histoire\/","url":"https:\/\/terravolonteri.com\/fr\/notre-histoire\/","name":"Notre histoire - Agriturismo Terra Volonteri","isPartOf":{"@id":"https:\/\/terravolonteri.com\/it\/#website"},"datePublished":"2021-11-24T11:04:52+00:00","dateModified":"2023-11-14T10:30:48+00:00","breadcrumb":{"@id":"https:\/\/terravolonteri.com\/fr\/notre-histoire\/#breadcrumb"},"inLanguage":"fr-FR","potentialAction":[{"@type":"ReadAction","target":["https:\/\/terravolonteri.com\/fr\/notre-histoire\/"]}]},{"@type":"BreadcrumbList","@id":"https:\/\/terravolonteri.com\/fr\/notre-histoire\/#breadcrumb","itemListElement":[{"@type":"ListItem","position":1,"name":"Home","item":"https:\/\/terravolonteri.com\/fr\/bienvenu\/"},{"@type":"ListItem","position":2,"name":"Notre histoire"}]},{"@type":"WebSite","@id":"https:\/\/terravolonteri.com\/it\/#website","url":"https:\/\/terravolonteri.com\/it\/","name":"Agriturismo Terra Volonteri","description":"Montecatini Eco Lodge","publisher":{"@id":"https:\/\/terravolonteri.com\/it\/#organization"},"potentialAction":[{"@type":"SearchAction","target":{"@type":"EntryPoint","urlTemplate":"https:\/\/terravolonteri.com\/it\/?s={search_term_string}"},"query-input":{"@type":"PropertyValueSpecification","valueRequired":true,"valueName":"search_term_string"}}],"inLanguage":"fr-FR"},{"@type":"Organization","@id":"https:\/\/terravolonteri.com\/it\/#organization","name":"Agriturismo Terra Volonteri","url":"https:\/\/terravolonteri.com\/it\/","logo":{"@type":"ImageObject","inLanguage":"fr-FR","@id":"https:\/\/terravolonteri.com\/it\/#\/schema\/logo\/image\/","url":"https:\/\/terravolonteri.com\/wp-content\/uploads\/2023\/11\/Agriturismo-Terra-Volonteri-Logo.png","contentUrl":"https:\/\/terravolonteri.com\/wp-content\/uploads\/2023\/11\/Agriturismo-Terra-Volonteri-Logo.png","width":600,"height":257,"caption":"Agriturismo Terra Volonteri"},"image":{"@id":"https:\/\/terravolonteri.com\/it\/#\/schema\/logo\/image\/"},"sameAs":["https:\/\/www.instagram.com\/terra_volonteri\/"]}]}},"_links":{"self":[{"href":"https:\/\/terravolonteri.com\/fr\/wp-json\/wp\/v2\/pages\/559","targetHints":{"allow":["GET"]}}],"collection":[{"href":"https:\/\/terravolonteri.com\/fr\/wp-json\/wp\/v2\/pages"}],"about":[{"href":"https:\/\/terravolonteri.com\/fr\/wp-json\/wp\/v2\/types\/page"}],"author":[{"embeddable":true,"href":"https:\/\/terravolonteri.com\/fr\/wp-json\/wp\/v2\/users\/1"}],"replies":[{"embeddable":true,"href":"https:\/\/terravolonteri.com\/fr\/wp-json\/wp\/v2\/comments?post=559"}],"version-history":[{"count":5,"href":"https:\/\/terravolonteri.com\/fr\/wp-json\/wp\/v2\/pages\/559\/revisions"}],"predecessor-version":[{"id":936,"href":"https:\/\/terravolonteri.com\/fr\/wp-json\/wp\/v2\/pages\/559\/revisions\/936"}],"wp:attachment":[{"href":"https:\/\/terravolonteri.com\/fr\/wp-json\/wp\/v2\/media?parent=559"}],"curies":[{"name":"wp","href":"https:\/\/api.w.org\/{rel}","templated":true}]}}