{"id":15,"date":"2021-11-24T11:04:52","date_gmt":"2021-11-24T11:04:52","guid":{"rendered":"https:\/\/terravolonteri.com\/?page_id=15"},"modified":"2023-11-14T09:31:02","modified_gmt":"2023-11-14T09:31:02","slug":"la-storia","status":"publish","type":"page","link":"https:\/\/terravolonteri.com\/it\/la-storia\/","title":{"rendered":"La Storia"},"content":{"rendered":"\t\t<div data-elementor-type=\"wp-page\" data-elementor-id=\"15\" class=\"elementor elementor-15\" data-elementor-post-type=\"page\">\n\t\t\t\t\t\t<section class=\"elementor-section elementor-top-section elementor-element elementor-element-a33ae7d elementor-section-full_width elementor-section-height-min-height elementor-section-height-default elementor-section-items-middle\" data-id=\"a33ae7d\" data-element_type=\"section\" data-e-type=\"section\" data-settings=\"{&quot;background_background&quot;:&quot;classic&quot;}\">\n\t\t\t\t\t\t\t<div class=\"elementor-background-overlay\"><\/div>\n\t\t\t\t\t\t\t<div class=\"elementor-container elementor-column-gap-default\">\n\t\t\t\t\t<div class=\"elementor-column elementor-col-100 elementor-top-column elementor-element elementor-element-b240ad1\" data-id=\"b240ad1\" data-element_type=\"column\" data-e-type=\"column\">\n\t\t\t<div class=\"elementor-widget-wrap elementor-element-populated\">\n\t\t\t\t\t\t<div class=\"elementor-element elementor-element-be090f5 elementor-widget elementor-widget-heading\" data-id=\"be090f5\" data-element_type=\"widget\" data-e-type=\"widget\" data-widget_type=\"heading.default\">\n\t\t\t\t<div class=\"elementor-widget-container\">\n\t\t\t\t\t<h1 class=\"elementor-heading-title elementor-size-default\">La nostra Storia<\/h1>\t\t\t\t<\/div>\n\t\t\t\t<\/div>\n\t\t\t\t\t<\/div>\n\t\t<\/div>\n\t\t\t\t\t<\/div>\n\t\t<\/section>\n\t\t\t\t<section class=\"elementor-section elementor-top-section elementor-element elementor-element-d0e6ba0 elementor-section-boxed elementor-section-height-default elementor-section-height-default\" data-id=\"d0e6ba0\" data-element_type=\"section\" data-e-type=\"section\">\n\t\t\t\t\t\t<div class=\"elementor-container elementor-column-gap-default\">\n\t\t\t\t\t<div class=\"elementor-column elementor-col-100 elementor-top-column elementor-element elementor-element-8901396\" data-id=\"8901396\" data-element_type=\"column\" data-e-type=\"column\">\n\t\t\t<div class=\"elementor-widget-wrap elementor-element-populated\">\n\t\t\t\t\t\t<div class=\"elementor-element elementor-element-13dc249 elementor-widget elementor-widget-text-editor\" data-id=\"13dc249\" data-element_type=\"widget\" data-e-type=\"widget\" data-widget_type=\"text-editor.default\">\n\t\t\t\t<div class=\"elementor-widget-container\">\n\t\t\t\t\t\t\t\t\t<h2 style=\"text-align: center;\">Una Storia di Apprendimento, Imprenditoria e Innovazione<\/h2><div><div>La nostra storia \u00e8 quella di una famiglia italiana, originaria di Milano, che ha lasciato l&#8217;Italia pi\u00f9 di trent&#8217;anni fa con il sogno di un giorno tornare nella regione pi\u00f9 iconica del nostro paese, la Toscana. <br><br>La nostra filosofia \u00e8 stata guidata da tre pilastri: Apprendere, Intraprendere, Innovare. Questa visione ci ha spinto a cercare riconoscimento all&#8217;estero, acquisendo esperienza nel campo agricolo internazionale. Abbiamo sempre avuto l&#8217;ardente desiderio di applicare sul nostro suolo natale tutto ci\u00f2 che abbiamo imparato, con l&#8217;obiettivo di conservare e valorizzare la nostra terra. \u00c8 interessante notare che molti dei concetti che abbiamo adottato provengono dai nostri compatrioti che vivono in Argentina.<br><br><\/div><div>Oggi, siamo orgogliosi di dire che tre generazioni della nostra famiglia sono coinvolte in questa avventura. La stessa passione e lo stesso amore per la Terra ci guidano in questo viaggio straordinario, unendo il passato, il presente e il futuro nella cura e nell&#8217;apprezzamento della nostra amata Toscana.<\/div><\/div>\t\t\t\t\t\t\t\t<\/div>\n\t\t\t\t<\/div>\n\t\t\t\t\t<\/div>\n\t\t<\/div>\n\t\t\t\t\t<\/div>\n\t\t<\/section>\n\t\t\t\t<\/div>\n\t\t","protected":false},"excerpt":{"rendered":"<p>La nostra Storia Una Storia di Apprendimento, Imprenditoria e Innovazione La nostra storia \u00e8 quella di una famiglia italiana, originaria di Milano, che ha lasciato l&#8217;Italia pi\u00f9 di trent&#8217;anni fa con il sogno di un giorno tornare nella regione pi\u00f9 iconica del nostro paese, la Toscana. La nostra filosofia \u00e8 stata guidata da tre pilastri: [&hellip;]<\/p>\n","protected":false},"author":1,"featured_media":0,"parent":0,"menu_order":0,"comment_status":"closed","ping_status":"closed","template":"","meta":{"site-sidebar-layout":"no-sidebar","site-content-layout":"page-builder","ast-site-content-layout":"default","site-content-style":"default","site-sidebar-style":"default","ast-global-header-display":"","ast-banner-title-visibility":"","ast-main-header-display":"","ast-hfb-above-header-display":"","ast-hfb-below-header-display":"","ast-hfb-mobile-header-display":"","site-post-title":"disabled","ast-breadcrumbs-content":"","ast-featured-img":"disabled","footer-sml-layout":"","ast-disable-related-posts":"","theme-transparent-header-meta":"","adv-header-id-meta":"","stick-header-meta":"","header-above-stick-meta":"","header-main-stick-meta":"","header-below-stick-meta":"","astra-migrate-meta-layouts":"default","ast-page-background-enabled":"default","ast-page-background-meta":{"desktop":{"background-color":"var(--ast-global-color-4)","background-image":"","background-repeat":"repeat","background-position":"center center","background-size":"auto","background-attachment":"scroll","background-type":"","background-media":"","overlay-type":"","overlay-color":"","overlay-opacity":"","overlay-gradient":""},"tablet":{"background-color":"","background-image":"","background-repeat":"repeat","background-position":"center center","background-size":"auto","background-attachment":"scroll","background-type":"","background-media":"","overlay-type":"","overlay-color":"","overlay-opacity":"","overlay-gradient":""},"mobile":{"background-color":"","background-image":"","background-repeat":"repeat","background-position":"center center","background-size":"auto","background-attachment":"scroll","background-type":"","background-media":"","overlay-type":"","overlay-color":"","overlay-opacity":"","overlay-gradient":""}},"ast-content-background-meta":{"desktop":{"background-color":"var(--ast-global-color-5)","background-image":"","background-repeat":"repeat","background-position":"center center","background-size":"auto","background-attachment":"scroll","background-type":"","background-media":"","overlay-type":"","overlay-color":"","overlay-opacity":"","overlay-gradient":""},"tablet":{"background-color":"var(--ast-global-color-5)","background-image":"","background-repeat":"repeat","background-position":"center center","background-size":"auto","background-attachment":"scroll","background-type":"","background-media":"","overlay-type":"","overlay-color":"","overlay-opacity":"","overlay-gradient":""},"mobile":{"background-color":"var(--ast-global-color-5)","background-image":"","background-repeat":"repeat","background-position":"center center","background-size":"auto","background-attachment":"scroll","background-type":"","background-media":"","overlay-type":"","overlay-color":"","overlay-opacity":"","overlay-gradient":""}},"footnotes":""},"class_list":["post-15","page","type-page","status-publish","hentry"],"yoast_head":"<!-- This site is optimized with the Yoast SEO plugin v27.2 - https:\/\/yoast.com\/product\/yoast-seo-wordpress\/ -->\n<title>La Storia - Agriturismo Terra Volonteri<\/title>\n<meta name=\"robots\" content=\"index, follow, max-snippet:-1, max-image-preview:large, max-video-preview:-1\" \/>\n<link rel=\"canonical\" href=\"https:\/\/terravolonteri.com\/it\/la-storia\/\" \/>\n<meta property=\"og:locale\" content=\"it_IT\" \/>\n<meta property=\"og:type\" content=\"article\" \/>\n<meta property=\"og:title\" content=\"La Storia - Agriturismo Terra Volonteri\" \/>\n<meta property=\"og:description\" content=\"La nostra Storia Una Storia di Apprendimento, Imprenditoria e Innovazione La nostra storia \u00e8 quella di una famiglia italiana, originaria di Milano, che ha lasciato l&#8217;Italia pi\u00f9 di trent&#8217;anni fa con il sogno di un giorno tornare nella regione pi\u00f9 iconica del nostro paese, la Toscana. La nostra filosofia \u00e8 stata guidata da tre pilastri: [&hellip;]\" \/>\n<meta property=\"og:url\" content=\"https:\/\/terravolonteri.com\/it\/la-storia\/\" \/>\n<meta property=\"og:site_name\" content=\"Agriturismo Terra Volonteri\" \/>\n<meta property=\"article:modified_time\" content=\"2023-11-14T09:31:02+00:00\" \/>\n<meta name=\"twitter:card\" content=\"summary_large_image\" \/>\n<meta name=\"twitter:label1\" content=\"Tempo di lettura stimato\" \/>\n\t<meta name=\"twitter:data1\" content=\"1 minuto\" \/>\n<script type=\"application\/ld+json\" class=\"yoast-schema-graph\">{\"@context\":\"https:\/\/schema.org\",\"@graph\":[{\"@type\":\"WebPage\",\"@id\":\"https:\/\/terravolonteri.com\/it\/la-storia\/\",\"url\":\"https:\/\/terravolonteri.com\/it\/la-storia\/\",\"name\":\"La Storia - Agriturismo Terra Volonteri\",\"isPartOf\":{\"@id\":\"https:\/\/terravolonteri.com\/it\/#website\"},\"datePublished\":\"2021-11-24T11:04:52+00:00\",\"dateModified\":\"2023-11-14T09:31:02+00:00\",\"breadcrumb\":{\"@id\":\"https:\/\/terravolonteri.com\/it\/la-storia\/#breadcrumb\"},\"inLanguage\":\"it-IT\",\"potentialAction\":[{\"@type\":\"ReadAction\",\"target\":[\"https:\/\/terravolonteri.com\/it\/la-storia\/\"]}]},{\"@type\":\"BreadcrumbList\",\"@id\":\"https:\/\/terravolonteri.com\/it\/la-storia\/#breadcrumb\",\"itemListElement\":[{\"@type\":\"ListItem\",\"position\":1,\"name\":\"Home\",\"item\":\"https:\/\/terravolonteri.com\/it\/\"},{\"@type\":\"ListItem\",\"position\":2,\"name\":\"La Storia\"}]},{\"@type\":\"WebSite\",\"@id\":\"https:\/\/terravolonteri.com\/it\/#website\",\"url\":\"https:\/\/terravolonteri.com\/it\/\",\"name\":\"Agriturismo Terra Volonteri\",\"description\":\"Montecatini Eco Lodge\",\"publisher\":{\"@id\":\"https:\/\/terravolonteri.com\/it\/#organization\"},\"potentialAction\":[{\"@type\":\"SearchAction\",\"target\":{\"@type\":\"EntryPoint\",\"urlTemplate\":\"https:\/\/terravolonteri.com\/it\/?s={search_term_string}\"},\"query-input\":{\"@type\":\"PropertyValueSpecification\",\"valueRequired\":true,\"valueName\":\"search_term_string\"}}],\"inLanguage\":\"it-IT\"},{\"@type\":\"Organization\",\"@id\":\"https:\/\/terravolonteri.com\/it\/#organization\",\"name\":\"Agriturismo Terra Volonteri\",\"url\":\"https:\/\/terravolonteri.com\/it\/\",\"logo\":{\"@type\":\"ImageObject\",\"inLanguage\":\"it-IT\",\"@id\":\"https:\/\/terravolonteri.com\/it\/#\/schema\/logo\/image\/\",\"url\":\"https:\/\/terravolonteri.com\/wp-content\/uploads\/2023\/11\/Agriturismo-Terra-Volonteri-Logo.png\",\"contentUrl\":\"https:\/\/terravolonteri.com\/wp-content\/uploads\/2023\/11\/Agriturismo-Terra-Volonteri-Logo.png\",\"width\":600,\"height\":257,\"caption\":\"Agriturismo Terra Volonteri\"},\"image\":{\"@id\":\"https:\/\/terravolonteri.com\/it\/#\/schema\/logo\/image\/\"},\"sameAs\":[\"https:\/\/www.instagram.com\/terra_volonteri\/\"]}]}<\/script>\n<!-- \/ Yoast SEO plugin. -->","yoast_head_json":{"title":"La Storia - Agriturismo Terra Volonteri","robots":{"index":"index","follow":"follow","max-snippet":"max-snippet:-1","max-image-preview":"max-image-preview:large","max-video-preview":"max-video-preview:-1"},"canonical":"https:\/\/terravolonteri.com\/it\/la-storia\/","og_locale":"it_IT","og_type":"article","og_title":"La Storia - Agriturismo Terra Volonteri","og_description":"La nostra Storia Una Storia di Apprendimento, Imprenditoria e Innovazione La nostra storia \u00e8 quella di una famiglia italiana, originaria di Milano, che ha lasciato l&#8217;Italia pi\u00f9 di trent&#8217;anni fa con il sogno di un giorno tornare nella regione pi\u00f9 iconica del nostro paese, la Toscana. La nostra filosofia \u00e8 stata guidata da tre pilastri: [&hellip;]","og_url":"https:\/\/terravolonteri.com\/it\/la-storia\/","og_site_name":"Agriturismo Terra Volonteri","article_modified_time":"2023-11-14T09:31:02+00:00","twitter_card":"summary_large_image","twitter_misc":{"Tempo di lettura stimato":"1 minuto"},"schema":{"@context":"https:\/\/schema.org","@graph":[{"@type":"WebPage","@id":"https:\/\/terravolonteri.com\/it\/la-storia\/","url":"https:\/\/terravolonteri.com\/it\/la-storia\/","name":"La Storia - Agriturismo Terra Volonteri","isPartOf":{"@id":"https:\/\/terravolonteri.com\/it\/#website"},"datePublished":"2021-11-24T11:04:52+00:00","dateModified":"2023-11-14T09:31:02+00:00","breadcrumb":{"@id":"https:\/\/terravolonteri.com\/it\/la-storia\/#breadcrumb"},"inLanguage":"it-IT","potentialAction":[{"@type":"ReadAction","target":["https:\/\/terravolonteri.com\/it\/la-storia\/"]}]},{"@type":"BreadcrumbList","@id":"https:\/\/terravolonteri.com\/it\/la-storia\/#breadcrumb","itemListElement":[{"@type":"ListItem","position":1,"name":"Home","item":"https:\/\/terravolonteri.com\/it\/"},{"@type":"ListItem","position":2,"name":"La Storia"}]},{"@type":"WebSite","@id":"https:\/\/terravolonteri.com\/it\/#website","url":"https:\/\/terravolonteri.com\/it\/","name":"Agriturismo Terra Volonteri","description":"Montecatini Eco Lodge","publisher":{"@id":"https:\/\/terravolonteri.com\/it\/#organization"},"potentialAction":[{"@type":"SearchAction","target":{"@type":"EntryPoint","urlTemplate":"https:\/\/terravolonteri.com\/it\/?s={search_term_string}"},"query-input":{"@type":"PropertyValueSpecification","valueRequired":true,"valueName":"search_term_string"}}],"inLanguage":"it-IT"},{"@type":"Organization","@id":"https:\/\/terravolonteri.com\/it\/#organization","name":"Agriturismo Terra Volonteri","url":"https:\/\/terravolonteri.com\/it\/","logo":{"@type":"ImageObject","inLanguage":"it-IT","@id":"https:\/\/terravolonteri.com\/it\/#\/schema\/logo\/image\/","url":"https:\/\/terravolonteri.com\/wp-content\/uploads\/2023\/11\/Agriturismo-Terra-Volonteri-Logo.png","contentUrl":"https:\/\/terravolonteri.com\/wp-content\/uploads\/2023\/11\/Agriturismo-Terra-Volonteri-Logo.png","width":600,"height":257,"caption":"Agriturismo Terra Volonteri"},"image":{"@id":"https:\/\/terravolonteri.com\/it\/#\/schema\/logo\/image\/"},"sameAs":["https:\/\/www.instagram.com\/terra_volonteri\/"]}]}},"_links":{"self":[{"href":"https:\/\/terravolonteri.com\/it\/wp-json\/wp\/v2\/pages\/15","targetHints":{"allow":["GET"]}}],"collection":[{"href":"https:\/\/terravolonteri.com\/it\/wp-json\/wp\/v2\/pages"}],"about":[{"href":"https:\/\/terravolonteri.com\/it\/wp-json\/wp\/v2\/types\/page"}],"author":[{"embeddable":true,"href":"https:\/\/terravolonteri.com\/it\/wp-json\/wp\/v2\/users\/1"}],"replies":[{"embeddable":true,"href":"https:\/\/terravolonteri.com\/it\/wp-json\/wp\/v2\/comments?post=15"}],"version-history":[{"count":16,"href":"https:\/\/terravolonteri.com\/it\/wp-json\/wp\/v2\/pages\/15\/revisions"}],"predecessor-version":[{"id":856,"href":"https:\/\/terravolonteri.com\/it\/wp-json\/wp\/v2\/pages\/15\/revisions\/856"}],"wp:attachment":[{"href":"https:\/\/terravolonteri.com\/it\/wp-json\/wp\/v2\/media?parent=15"}],"curies":[{"name":"wp","href":"https:\/\/api.w.org\/{rel}","templated":true}]}}