{"id":21,"date":"2021-11-24T11:05:38","date_gmt":"2021-11-24T11:05:38","guid":{"rendered":"https:\/\/terravolonteri.com\/?page_id=21"},"modified":"2023-11-14T10:09:22","modified_gmt":"2023-11-14T10:09:22","slug":"il-territorio","status":"publish","type":"page","link":"https:\/\/terravolonteri.com\/it\/il-territorio\/","title":{"rendered":"Il territorio"},"content":{"rendered":"\t\t<div data-elementor-type=\"wp-page\" data-elementor-id=\"21\" class=\"elementor elementor-21\" data-elementor-post-type=\"page\">\n\t\t\t\t\t\t<section class=\"elementor-section elementor-top-section elementor-element elementor-element-12f509f elementor-section-full_width elementor-section-height-min-height elementor-section-height-default elementor-section-items-middle\" data-id=\"12f509f\" data-element_type=\"section\" data-e-type=\"section\" data-settings=\"{&quot;background_background&quot;:&quot;classic&quot;}\">\n\t\t\t\t\t\t\t<div class=\"elementor-background-overlay\"><\/div>\n\t\t\t\t\t\t\t<div class=\"elementor-container elementor-column-gap-default\">\n\t\t\t\t\t<div class=\"elementor-column elementor-col-100 elementor-top-column elementor-element elementor-element-f1d551b\" data-id=\"f1d551b\" data-element_type=\"column\" data-e-type=\"column\">\n\t\t\t<div class=\"elementor-widget-wrap elementor-element-populated\">\n\t\t\t\t\t\t<div class=\"elementor-element elementor-element-ef5de01 elementor-widget elementor-widget-heading\" data-id=\"ef5de01\" data-element_type=\"widget\" data-e-type=\"widget\" data-widget_type=\"heading.default\">\n\t\t\t\t<div class=\"elementor-widget-container\">\n\t\t\t\t\t<h1 class=\"elementor-heading-title elementor-size-default\">Il territorio<\/h1>\t\t\t\t<\/div>\n\t\t\t\t<\/div>\n\t\t\t\t\t<\/div>\n\t\t<\/div>\n\t\t\t\t\t<\/div>\n\t\t<\/section>\n\t\t\t\t<section class=\"elementor-section elementor-top-section elementor-element elementor-element-21cd20c elementor-section-boxed elementor-section-height-default elementor-section-height-default\" data-id=\"21cd20c\" data-element_type=\"section\" data-e-type=\"section\">\n\t\t\t\t\t\t<div class=\"elementor-container elementor-column-gap-default\">\n\t\t\t\t\t<div class=\"elementor-column elementor-col-100 elementor-top-column elementor-element elementor-element-5e0c120\" data-id=\"5e0c120\" data-element_type=\"column\" data-e-type=\"column\">\n\t\t\t<div class=\"elementor-widget-wrap elementor-element-populated\">\n\t\t\t\t\t\t<div class=\"elementor-element elementor-element-e005613 elementor-widget elementor-widget-text-editor\" data-id=\"e005613\" data-element_type=\"widget\" data-e-type=\"widget\" data-widget_type=\"text-editor.default\">\n\t\t\t\t<div class=\"elementor-widget-container\">\n\t\t\t\t\t\t\t\t\t<h2 style=\"text-align: center;\">Dalla campagna al Botticelli<\/h2><p style=\"text-align: center;\">La Toscana, un luogo straordinario che abbraccia l&#8217;arte con passione! Le celebri colline sono splendidamente decorate da vigne e ulivi.<\/p><p>Gli ulivi sono di variet\u00e0 prestigiose, tra cui il frantoio con la sua chioma lussureggiante, il leccino e il moraiolo, che insieme compongono il classico blend dell&#8217;olio toscano IGP. Le vigne vantano uve di prestigio come il sangiovese, il merlot e il cabernet franc, che danno vita a vini rossi rinomati in tutto il mondo.<\/p><p>Ma non \u00e8 solo la natura a rendere questo luogo unico; la Toscana \u00e8 un esempio straordinario di biodiversit\u00e0.\u00a0E quando si parla di arte, basta chiudere gli occhi e scegliere una direzione: il Rinascimento si svela in ogni angolo di una citt\u00e0 o di un pittoresco villaggio.<\/p>\t\t\t\t\t\t\t\t<\/div>\n\t\t\t\t<\/div>\n\t\t\t\t\t<\/div>\n\t\t<\/div>\n\t\t\t\t\t<\/div>\n\t\t<\/section>\n\t\t\t\t<section class=\"elementor-section elementor-top-section elementor-element elementor-element-a1836d8 elementor-section-full_width elementor-section-height-default elementor-section-height-default\" data-id=\"a1836d8\" data-element_type=\"section\" data-e-type=\"section\">\n\t\t\t\t\t\t<div class=\"elementor-container elementor-column-gap-default\">\n\t\t\t\t\t<div class=\"elementor-column elementor-col-50 elementor-top-column elementor-element elementor-element-24a4b80\" data-id=\"24a4b80\" data-element_type=\"column\" data-e-type=\"column\" data-settings=\"{&quot;background_background&quot;:&quot;slideshow&quot;,&quot;background_slideshow_gallery&quot;:[{&quot;id&quot;:891,&quot;url&quot;:&quot;https:\\\/\\\/terravolonteri.com\\\/wp-content\\\/uploads\\\/2023\\\/11\\\/territorio-1.jpg&quot;}],&quot;background_slideshow_loop&quot;:&quot;yes&quot;,&quot;background_slideshow_slide_duration&quot;:5000,&quot;background_slideshow_slide_transition&quot;:&quot;fade&quot;,&quot;background_slideshow_transition_duration&quot;:500}\">\n\t\t\t<div class=\"elementor-widget-wrap elementor-element-populated\">\n\t\t\t\t\t\t<div class=\"elementor-element elementor-element-061dbd0 elementor-widget elementor-widget-spacer\" data-id=\"061dbd0\" data-element_type=\"widget\" data-e-type=\"widget\" data-widget_type=\"spacer.default\">\n\t\t\t\t<div class=\"elementor-widget-container\">\n\t\t\t\t\t\t\t<div class=\"elementor-spacer\">\n\t\t\t<div class=\"elementor-spacer-inner\"><\/div>\n\t\t<\/div>\n\t\t\t\t\t\t<\/div>\n\t\t\t\t<\/div>\n\t\t\t\t\t<\/div>\n\t\t<\/div>\n\t\t\t\t<div class=\"elementor-column elementor-col-50 elementor-top-column elementor-element elementor-element-783b42b\" data-id=\"783b42b\" data-element_type=\"column\" data-e-type=\"column\" data-settings=\"{&quot;background_background&quot;:&quot;classic&quot;}\">\n\t\t\t<div class=\"elementor-widget-wrap elementor-element-populated\">\n\t\t\t\t\t\t<div class=\"elementor-element elementor-element-b078fb9 elementor-widget elementor-widget-text-editor\" data-id=\"b078fb9\" data-element_type=\"widget\" data-e-type=\"widget\" data-widget_type=\"text-editor.default\">\n\t\t\t\t<div class=\"elementor-widget-container\">\n\t\t\t\t\t\t\t\t\t<h2 style=\"text-align: center;\"><span style=\"font-style: inherit; font-weight: inherit;\">La citt\u00e0 di Montecatini<\/span><\/h2><p style=\"text-align: center;\">Montecatini \u00e8 una destinazione turistica completa, con un&#8217;ampia gamma di hotel, ristoranti e negozi, il che la rende perfetta sia per una breve sosta che per un soggiorno pi\u00f9 lungo. I visitatori possono sperimentare il fascino di una citt\u00e0 termale tradizionale, immergersi nella bellezza naturale circostante e gustare la deliziosa cucina toscana. In breve, Montecatini offre un&#8217;esperienza turistica indimenticabile per chi cerca relax, cultura e bellezza paesaggistica.<\/p>\t\t\t\t\t\t\t\t<\/div>\n\t\t\t\t<\/div>\n\t\t\t\t\t<\/div>\n\t\t<\/div>\n\t\t\t\t\t<\/div>\n\t\t<\/section>\n\t\t\t\t<section class=\"elementor-section elementor-top-section elementor-element elementor-element-24c8954 elementor-section-full_width elementor-reverse-mobile elementor-section-height-default elementor-section-height-default\" data-id=\"24c8954\" data-element_type=\"section\" data-e-type=\"section\">\n\t\t\t\t\t\t<div class=\"elementor-container elementor-column-gap-default\">\n\t\t\t\t\t<div class=\"elementor-column elementor-col-50 elementor-top-column elementor-element elementor-element-b78f794\" data-id=\"b78f794\" data-element_type=\"column\" data-e-type=\"column\" data-settings=\"{&quot;background_background&quot;:&quot;classic&quot;}\">\n\t\t\t<div class=\"elementor-widget-wrap elementor-element-populated\">\n\t\t\t\t\t\t<div class=\"elementor-element elementor-element-08407d3 elementor-widget elementor-widget-text-editor\" data-id=\"08407d3\" data-element_type=\"widget\" data-e-type=\"widget\" data-widget_type=\"text-editor.default\">\n\t\t\t\t<div class=\"elementor-widget-container\">\n\t\t\t\t\t\t\t\t\t<h2 style=\"text-align: center;\"><span style=\"font-style: inherit; font-weight: inherit;\">Le Terme<\/span><\/h2>\n<p>Le acque delle terme di Montecatini sono state apprezzate sin dai tempi degli antichi Romani. L&#8217;area ha visto la sua prima urbanizzazione durante il regno del Granduca di Toscana, Pietro Leopoldo, il quale fece erigere &#8220;i bagni&#8221; e cre\u00f2 un ampio viale di accesso.&nbsp;<span style=\"font-style: inherit; font-weight: inherit; color: var(--ast-global-color-3);\">Ma \u00e8 nel corso del XX secolo che l&#8217;architetto Giulio Bernardini ha compiuto un lavoro straordinario, trasformando Montecatini in una vera e propria citt\u00e0 termale.<\/span><\/p>\t\t\t\t\t\t\t\t<\/div>\n\t\t\t\t<\/div>\n\t\t\t\t\t<\/div>\n\t\t<\/div>\n\t\t\t\t<div class=\"elementor-column elementor-col-50 elementor-top-column elementor-element elementor-element-d7e2fed\" data-id=\"d7e2fed\" data-element_type=\"column\" data-e-type=\"column\" data-settings=\"{&quot;background_background&quot;:&quot;slideshow&quot;,&quot;background_slideshow_gallery&quot;:[{&quot;id&quot;:894,&quot;url&quot;:&quot;https:\\\/\\\/terravolonteri.com\\\/wp-content\\\/uploads\\\/2023\\\/11\\\/territorio-2.jpg&quot;}],&quot;background_slideshow_loop&quot;:&quot;yes&quot;,&quot;background_slideshow_slide_duration&quot;:5000,&quot;background_slideshow_slide_transition&quot;:&quot;fade&quot;,&quot;background_slideshow_transition_duration&quot;:500}\">\n\t\t\t<div class=\"elementor-widget-wrap elementor-element-populated\">\n\t\t\t\t\t\t<div class=\"elementor-element elementor-element-96b58e9 elementor-widget elementor-widget-spacer\" data-id=\"96b58e9\" data-element_type=\"widget\" data-e-type=\"widget\" data-widget_type=\"spacer.default\">\n\t\t\t\t<div class=\"elementor-widget-container\">\n\t\t\t\t\t\t\t<div class=\"elementor-spacer\">\n\t\t\t<div class=\"elementor-spacer-inner\"><\/div>\n\t\t<\/div>\n\t\t\t\t\t\t<\/div>\n\t\t\t\t<\/div>\n\t\t\t\t\t<\/div>\n\t\t<\/div>\n\t\t\t\t\t<\/div>\n\t\t<\/section>\n\t\t\t\t<section class=\"elementor-section elementor-top-section elementor-element elementor-element-537316d elementor-section-full_width elementor-section-height-default elementor-section-height-default\" data-id=\"537316d\" data-element_type=\"section\" data-e-type=\"section\">\n\t\t\t\t\t\t<div class=\"elementor-container elementor-column-gap-default\">\n\t\t\t\t\t<div class=\"elementor-column elementor-col-50 elementor-top-column elementor-element elementor-element-7e4e490\" data-id=\"7e4e490\" data-element_type=\"column\" data-e-type=\"column\" data-settings=\"{&quot;background_background&quot;:&quot;slideshow&quot;,&quot;background_slideshow_gallery&quot;:[{&quot;id&quot;:321,&quot;url&quot;:&quot;https:\\\/\\\/terravolonteri.com\\\/wp-content\\\/uploads\\\/2023\\\/09\\\/Terra-Volonteri-Wine.jpg&quot;}],&quot;background_slideshow_loop&quot;:&quot;yes&quot;,&quot;background_slideshow_slide_duration&quot;:5000,&quot;background_slideshow_slide_transition&quot;:&quot;fade&quot;,&quot;background_slideshow_transition_duration&quot;:500}\">\n\t\t\t<div class=\"elementor-widget-wrap elementor-element-populated\">\n\t\t\t\t\t\t<div class=\"elementor-element elementor-element-aa52f10 elementor-widget elementor-widget-spacer\" data-id=\"aa52f10\" data-element_type=\"widget\" data-e-type=\"widget\" data-widget_type=\"spacer.default\">\n\t\t\t\t<div class=\"elementor-widget-container\">\n\t\t\t\t\t\t\t<div class=\"elementor-spacer\">\n\t\t\t<div class=\"elementor-spacer-inner\"><\/div>\n\t\t<\/div>\n\t\t\t\t\t\t<\/div>\n\t\t\t\t<\/div>\n\t\t\t\t\t<\/div>\n\t\t<\/div>\n\t\t\t\t<div class=\"elementor-column elementor-col-50 elementor-top-column elementor-element elementor-element-27d90be\" data-id=\"27d90be\" data-element_type=\"column\" data-e-type=\"column\" data-settings=\"{&quot;background_background&quot;:&quot;classic&quot;}\">\n\t\t\t<div class=\"elementor-widget-wrap elementor-element-populated\">\n\t\t\t\t\t\t<div class=\"elementor-element elementor-element-4765b59 elementor-widget elementor-widget-text-editor\" data-id=\"4765b59\" data-element_type=\"widget\" data-e-type=\"widget\" data-widget_type=\"text-editor.default\">\n\t\t\t\t<div class=\"elementor-widget-container\">\n\t\t\t\t\t\t\t\t\t<h2 style=\"text-align: center;\"><span style=\"font-style: inherit; font-weight: inherit;\">Vini &amp; Gastronomia<\/span><\/h2>\n<p style=\"text-align: center;\">La Toscana \u00e8 un&#8217;epicentro culinario e vinicolo rinomato in tutto il mondo. I suoi vini, tra cui il Chianti e il Brunello, sono iconici per il loro carattere distintivo. La cucina toscana \u00e8 una celebrazione della semplicit\u00e0 e della qualit\u00e0 degli ingredienti locali. Piatti come la ribollita, una zuppa di pane e verdure, e la bistecca alla fiorentina, una succulenta bistecca di manzo alla griglia, incarnano la tradizione culinaria toscana. I formaggi come il Pecorino e l&#8217;olio d&#8217;oliva extravergine sono pilastri della gastronomia locale. In sintesi, la Toscana offre un&#8217;esperienza enogastronomica straordinaria che incanta i palati di tutto il mondo.<\/p>\t\t\t\t\t\t\t\t<\/div>\n\t\t\t\t<\/div>\n\t\t\t\t\t<\/div>\n\t\t<\/div>\n\t\t\t\t\t<\/div>\n\t\t<\/section>\n\t\t\t\t<\/div>\n\t\t","protected":false},"excerpt":{"rendered":"<p>Il territorio Dalla campagna al Botticelli La Toscana, un luogo straordinario che abbraccia l&#8217;arte con passione! Le celebri colline sono splendidamente decorate da vigne e ulivi. Gli ulivi sono di variet\u00e0 prestigiose, tra cui il frantoio con la sua chioma lussureggiante, il leccino e il moraiolo, che insieme compongono il classico blend dell&#8217;olio toscano IGP. [&hellip;]<\/p>\n","protected":false},"author":1,"featured_media":0,"parent":0,"menu_order":0,"comment_status":"closed","ping_status":"closed","template":"","meta":{"site-sidebar-layout":"no-sidebar","site-content-layout":"page-builder","ast-site-content-layout":"default","site-content-style":"default","site-sidebar-style":"default","ast-global-header-display":"","ast-banner-title-visibility":"","ast-main-header-display":"","ast-hfb-above-header-display":"","ast-hfb-below-header-display":"","ast-hfb-mobile-header-display":"","site-post-title":"disabled","ast-breadcrumbs-content":"","ast-featured-img":"disabled","footer-sml-layout":"","ast-disable-related-posts":"","theme-transparent-header-meta":"","adv-header-id-meta":"","stick-header-meta":"","header-above-stick-meta":"","header-main-stick-meta":"","header-below-stick-meta":"","astra-migrate-meta-layouts":"default","ast-page-background-enabled":"default","ast-page-background-meta":{"desktop":{"background-color":"var(--ast-global-color-4)","background-image":"","background-repeat":"repeat","background-position":"center center","background-size":"auto","background-attachment":"scroll","background-type":"","background-media":"","overlay-type":"","overlay-color":"","overlay-opacity":"","overlay-gradient":""},"tablet":{"background-color":"","background-image":"","background-repeat":"repeat","background-position":"center center","background-size":"auto","background-attachment":"scroll","background-type":"","background-media":"","overlay-type":"","overlay-color":"","overlay-opacity":"","overlay-gradient":""},"mobile":{"background-color":"","background-image":"","background-repeat":"repeat","background-position":"center center","background-size":"auto","background-attachment":"scroll","background-type":"","background-media":"","overlay-type":"","overlay-color":"","overlay-opacity":"","overlay-gradient":""}},"ast-content-background-meta":{"desktop":{"background-color":"var(--ast-global-color-5)","background-image":"","background-repeat":"repeat","background-position":"center center","background-size":"auto","background-attachment":"scroll","background-type":"","background-media":"","overlay-type":"","overlay-color":"","overlay-opacity":"","overlay-gradient":""},"tablet":{"background-color":"var(--ast-global-color-5)","background-image":"","background-repeat":"repeat","background-position":"center center","background-size":"auto","background-attachment":"scroll","background-type":"","background-media":"","overlay-type":"","overlay-color":"","overlay-opacity":"","overlay-gradient":""},"mobile":{"background-color":"var(--ast-global-color-5)","background-image":"","background-repeat":"repeat","background-position":"center center","background-size":"auto","background-attachment":"scroll","background-type":"","background-media":"","overlay-type":"","overlay-color":"","overlay-opacity":"","overlay-gradient":""}},"footnotes":""},"class_list":["post-21","page","type-page","status-publish","hentry"],"yoast_head":"<!-- This site is optimized with the Yoast SEO plugin v27.5 - https:\/\/yoast.com\/product\/yoast-seo-wordpress\/ -->\n<title>Il territorio - Agriturismo Terra Volonteri<\/title>\n<meta name=\"robots\" content=\"index, follow, max-snippet:-1, max-image-preview:large, max-video-preview:-1\" \/>\n<link rel=\"canonical\" href=\"https:\/\/terravolonteri.com\/it\/il-territorio\/\" \/>\n<meta property=\"og:locale\" content=\"it_IT\" \/>\n<meta property=\"og:type\" content=\"article\" \/>\n<meta property=\"og:title\" content=\"Il territorio - Agriturismo Terra Volonteri\" \/>\n<meta property=\"og:description\" content=\"Il territorio Dalla campagna al Botticelli La Toscana, un luogo straordinario che abbraccia l&#8217;arte con passione! Le celebri colline sono splendidamente decorate da vigne e ulivi. Gli ulivi sono di variet\u00e0 prestigiose, tra cui il frantoio con la sua chioma lussureggiante, il leccino e il moraiolo, che insieme compongono il classico blend dell&#8217;olio toscano IGP. [&hellip;]\" \/>\n<meta property=\"og:url\" content=\"https:\/\/terravolonteri.com\/it\/il-territorio\/\" \/>\n<meta property=\"og:site_name\" content=\"Agriturismo Terra Volonteri\" \/>\n<meta property=\"article:modified_time\" content=\"2023-11-14T10:09:22+00:00\" \/>\n<meta name=\"twitter:card\" content=\"summary_large_image\" \/>\n<meta name=\"twitter:label1\" content=\"Tempo di lettura stimato\" \/>\n\t<meta name=\"twitter:data1\" content=\"2 minuti\" \/>\n<script type=\"application\/ld+json\" class=\"yoast-schema-graph\">{\"@context\":\"https:\\\/\\\/schema.org\",\"@graph\":[{\"@type\":\"WebPage\",\"@id\":\"https:\\\/\\\/terravolonteri.com\\\/it\\\/il-territorio\\\/\",\"url\":\"https:\\\/\\\/terravolonteri.com\\\/it\\\/il-territorio\\\/\",\"name\":\"Il territorio - Agriturismo Terra Volonteri\",\"isPartOf\":{\"@id\":\"https:\\\/\\\/terravolonteri.com\\\/it\\\/#website\"},\"datePublished\":\"2021-11-24T11:05:38+00:00\",\"dateModified\":\"2023-11-14T10:09:22+00:00\",\"breadcrumb\":{\"@id\":\"https:\\\/\\\/terravolonteri.com\\\/it\\\/il-territorio\\\/#breadcrumb\"},\"inLanguage\":\"it-IT\",\"potentialAction\":[{\"@type\":\"ReadAction\",\"target\":[\"https:\\\/\\\/terravolonteri.com\\\/it\\\/il-territorio\\\/\"]}]},{\"@type\":\"BreadcrumbList\",\"@id\":\"https:\\\/\\\/terravolonteri.com\\\/it\\\/il-territorio\\\/#breadcrumb\",\"itemListElement\":[{\"@type\":\"ListItem\",\"position\":1,\"name\":\"Home\",\"item\":\"https:\\\/\\\/terravolonteri.com\\\/it\\\/\"},{\"@type\":\"ListItem\",\"position\":2,\"name\":\"Il territorio\"}]},{\"@type\":\"WebSite\",\"@id\":\"https:\\\/\\\/terravolonteri.com\\\/it\\\/#website\",\"url\":\"https:\\\/\\\/terravolonteri.com\\\/it\\\/\",\"name\":\"Agriturismo Terra Volonteri\",\"description\":\"Montecatini Eco Lodge\",\"publisher\":{\"@id\":\"https:\\\/\\\/terravolonteri.com\\\/it\\\/#organization\"},\"potentialAction\":[{\"@type\":\"SearchAction\",\"target\":{\"@type\":\"EntryPoint\",\"urlTemplate\":\"https:\\\/\\\/terravolonteri.com\\\/it\\\/?s={search_term_string}\"},\"query-input\":{\"@type\":\"PropertyValueSpecification\",\"valueRequired\":true,\"valueName\":\"search_term_string\"}}],\"inLanguage\":\"it-IT\"},{\"@type\":\"Organization\",\"@id\":\"https:\\\/\\\/terravolonteri.com\\\/it\\\/#organization\",\"name\":\"Agriturismo Terra Volonteri\",\"url\":\"https:\\\/\\\/terravolonteri.com\\\/it\\\/\",\"logo\":{\"@type\":\"ImageObject\",\"inLanguage\":\"it-IT\",\"@id\":\"https:\\\/\\\/terravolonteri.com\\\/it\\\/#\\\/schema\\\/logo\\\/image\\\/\",\"url\":\"https:\\\/\\\/terravolonteri.com\\\/wp-content\\\/uploads\\\/2023\\\/11\\\/Agriturismo-Terra-Volonteri-Logo.png\",\"contentUrl\":\"https:\\\/\\\/terravolonteri.com\\\/wp-content\\\/uploads\\\/2023\\\/11\\\/Agriturismo-Terra-Volonteri-Logo.png\",\"width\":600,\"height\":257,\"caption\":\"Agriturismo Terra Volonteri\"},\"image\":{\"@id\":\"https:\\\/\\\/terravolonteri.com\\\/it\\\/#\\\/schema\\\/logo\\\/image\\\/\"},\"sameAs\":[\"https:\\\/\\\/www.instagram.com\\\/terra_volonteri\\\/\"]}]}<\/script>\n<!-- \/ Yoast SEO plugin. -->","yoast_head_json":{"title":"Il territorio - Agriturismo Terra Volonteri","robots":{"index":"index","follow":"follow","max-snippet":"max-snippet:-1","max-image-preview":"max-image-preview:large","max-video-preview":"max-video-preview:-1"},"canonical":"https:\/\/terravolonteri.com\/it\/il-territorio\/","og_locale":"it_IT","og_type":"article","og_title":"Il territorio - Agriturismo Terra Volonteri","og_description":"Il territorio Dalla campagna al Botticelli La Toscana, un luogo straordinario che abbraccia l&#8217;arte con passione! Le celebri colline sono splendidamente decorate da vigne e ulivi. Gli ulivi sono di variet\u00e0 prestigiose, tra cui il frantoio con la sua chioma lussureggiante, il leccino e il moraiolo, che insieme compongono il classico blend dell&#8217;olio toscano IGP. [&hellip;]","og_url":"https:\/\/terravolonteri.com\/it\/il-territorio\/","og_site_name":"Agriturismo Terra Volonteri","article_modified_time":"2023-11-14T10:09:22+00:00","twitter_card":"summary_large_image","twitter_misc":{"Tempo di lettura stimato":"2 minuti"},"schema":{"@context":"https:\/\/schema.org","@graph":[{"@type":"WebPage","@id":"https:\/\/terravolonteri.com\/it\/il-territorio\/","url":"https:\/\/terravolonteri.com\/it\/il-territorio\/","name":"Il territorio - Agriturismo Terra Volonteri","isPartOf":{"@id":"https:\/\/terravolonteri.com\/it\/#website"},"datePublished":"2021-11-24T11:05:38+00:00","dateModified":"2023-11-14T10:09:22+00:00","breadcrumb":{"@id":"https:\/\/terravolonteri.com\/it\/il-territorio\/#breadcrumb"},"inLanguage":"it-IT","potentialAction":[{"@type":"ReadAction","target":["https:\/\/terravolonteri.com\/it\/il-territorio\/"]}]},{"@type":"BreadcrumbList","@id":"https:\/\/terravolonteri.com\/it\/il-territorio\/#breadcrumb","itemListElement":[{"@type":"ListItem","position":1,"name":"Home","item":"https:\/\/terravolonteri.com\/it\/"},{"@type":"ListItem","position":2,"name":"Il territorio"}]},{"@type":"WebSite","@id":"https:\/\/terravolonteri.com\/it\/#website","url":"https:\/\/terravolonteri.com\/it\/","name":"Agriturismo Terra Volonteri","description":"Montecatini Eco Lodge","publisher":{"@id":"https:\/\/terravolonteri.com\/it\/#organization"},"potentialAction":[{"@type":"SearchAction","target":{"@type":"EntryPoint","urlTemplate":"https:\/\/terravolonteri.com\/it\/?s={search_term_string}"},"query-input":{"@type":"PropertyValueSpecification","valueRequired":true,"valueName":"search_term_string"}}],"inLanguage":"it-IT"},{"@type":"Organization","@id":"https:\/\/terravolonteri.com\/it\/#organization","name":"Agriturismo Terra Volonteri","url":"https:\/\/terravolonteri.com\/it\/","logo":{"@type":"ImageObject","inLanguage":"it-IT","@id":"https:\/\/terravolonteri.com\/it\/#\/schema\/logo\/image\/","url":"https:\/\/terravolonteri.com\/wp-content\/uploads\/2023\/11\/Agriturismo-Terra-Volonteri-Logo.png","contentUrl":"https:\/\/terravolonteri.com\/wp-content\/uploads\/2023\/11\/Agriturismo-Terra-Volonteri-Logo.png","width":600,"height":257,"caption":"Agriturismo Terra Volonteri"},"image":{"@id":"https:\/\/terravolonteri.com\/it\/#\/schema\/logo\/image\/"},"sameAs":["https:\/\/www.instagram.com\/terra_volonteri\/"]}]}},"_links":{"self":[{"href":"https:\/\/terravolonteri.com\/it\/wp-json\/wp\/v2\/pages\/21","targetHints":{"allow":["GET"]}}],"collection":[{"href":"https:\/\/terravolonteri.com\/it\/wp-json\/wp\/v2\/pages"}],"about":[{"href":"https:\/\/terravolonteri.com\/it\/wp-json\/wp\/v2\/types\/page"}],"author":[{"embeddable":true,"href":"https:\/\/terravolonteri.com\/it\/wp-json\/wp\/v2\/users\/1"}],"replies":[{"embeddable":true,"href":"https:\/\/terravolonteri.com\/it\/wp-json\/wp\/v2\/comments?post=21"}],"version-history":[{"count":28,"href":"https:\/\/terravolonteri.com\/it\/wp-json\/wp\/v2\/pages\/21\/revisions"}],"predecessor-version":[{"id":904,"href":"https:\/\/terravolonteri.com\/it\/wp-json\/wp\/v2\/pages\/21\/revisions\/904"}],"wp:attachment":[{"href":"https:\/\/terravolonteri.com\/it\/wp-json\/wp\/v2\/media?parent=21"}],"curies":[{"name":"wp","href":"https:\/\/api.w.org\/{rel}","templated":true}]}}